{"id":27418,"date":"2025-08-13T14:59:59","date_gmt":"2025-08-13T12:59:59","guid":{"rendered":"https:\/\/hotelzurpost.co.at\/biwak\/"},"modified":"2026-01-26T14:16:45","modified_gmt":"2026-01-26T12:16:45","slug":"biwak","status":"publish","type":"page","link":"https:\/\/hotelzurpost.co.at\/pl\/biwak\/","title":{"rendered":"Biwak"},"content":{"rendered":"<p>[et_pb_section fb_built=&#8221;1&#8243; custom_padding_last_edited=&#8221;on|desktop&#8221; _builder_version=&#8221;4.27.4&#8243; _module_preset=&#8221;default&#8221; background_enable_color=&#8221;off&#8221; use_background_color_gradient=&#8221;on&#8221; background_color_gradient_stops=&#8221;#ffffff 79%|rgba(58,58,59,0.6) 100%&#8221; background_image=&#8221;https:\/\/hotelzurpost.co.at\/wp-content\/uploads\/2025\/06\/biwak_hotelpost_mtgA\u00a9gert_perauer-12.jpg&#8221; background_position=&#8221;bottom_center&#8221; background_vertical_offset=&#8221;50%&#8221; background_blend=&#8221;multiply&#8221; width=&#8221;100%&#8221; height=&#8221;730px&#8221; height_tablet=&#8221;370px&#8221; height_phone=&#8221;240px&#8221; height_last_edited=&#8221;on|phone&#8221; custom_padding=&#8221;||0px||false|false&#8221; custom_padding_tablet=&#8221;|||0px|false|false&#8221; custom_padding_phone=&#8221;50px||0px|0px|false|false&#8221; background_last_edited=&#8221;on|tablet&#8221; use_background_color_gradient_tablet=&#8221;on&#8221; background_color_gradient_stops_tablet=&#8221;#ffffff 55%|rgba(58,58,59,0.6) 69%&#8221; global_colors_info=&#8221;{}&#8221;][\/et_pb_section][et_pb_section fb_built=&#8221;1&#8243; _builder_version=&#8221;4.27.4&#8243; _module_preset=&#8221;default&#8221; background_color=&#8221;rgba(0,117,137,0.1)&#8221; custom_padding=&#8221;0px||0px||false|false&#8221; global_colors_info=&#8221;{}&#8221;][et_pb_row _builder_version=&#8221;4.27.4&#8243; _module_preset=&#8221;default&#8221; background_color=&#8221;gcid-22a908cf-4fcb-470e-9fdb-218ba199538f&#8221; width=&#8221;100%&#8221; max_width=&#8221;100%&#8221; custom_padding=&#8221;29px||19px|||&#8221; global_colors_info=&#8221;{%22gcid-22a908cf-4fcb-470e-9fdb-218ba199538f%22:%91%22background_color%22%93}&#8221;][et_pb_column type=&#8221;4_4&#8243; _builder_version=&#8221;4.27.4&#8243; _module_preset=&#8221;default&#8221; global_colors_info=&#8221;{}&#8221;][et_pb_text _builder_version=&#8221;4.27.4&#8243; _module_preset=&#8221;1b9ff88c-8403-4761-a812-f191bbcf616b&#8221; global_colors_info=&#8221;{}&#8221;]<\/p>\n<h1>Biwak pod gwiazdami - Rifugio sotto le stelle<\/h1>\n<p>[\/et_pb_text][\/et_pb_column][\/et_pb_row][et_pb_row _builder_version=&#8221;4.27.4&#8243; _module_preset=&#8221;default&#8221; background_enable_color=&#8221;off&#8221; max_width=&#8221;100%&#8221; custom_padding=&#8221;30px||0px|||&#8221; hover_enabled=&#8221;0&#8243; global_colors_info=&#8221;{}&#8221; sticky_enabled=&#8221;0&#8243;][et_pb_column type=&#8221;4_4&#8243; _builder_version=&#8221;4.27.4&#8243; _module_preset=&#8221;default&#8221; global_colors_info=&#8221;{}&#8221;][et_pb_text _builder_version=&#8221;4.27.4&#8243; _module_preset=&#8221;3263c9d5-3722-4752-ba0d-65081f7aca6e&#8221; custom_margin=&#8221;||30px||false|false&#8221; custom_margin_phone=&#8221;||40px||false|false&#8221; custom_padding=&#8221;0px||||false|false&#8221; global_colors_info=&#8221;{}&#8221;]<\/p>\n<h2>Tylko ksi\u0119\u017cyc patrzy<\/h2>\n<p>[\/et_pb_text][et_pb_text _builder_version=&#8221;4.27.4&#8243; _module_preset=&#8221;84304942-4737-4169-92ab-4f437c0ed3a4&#8243; custom_margin=&#8221;||50px||false|false&#8221; custom_margin_phone=&#8221;||40px||false|false&#8221; custom_padding=&#8221;0px||||false|false&#8221; global_colors_info=&#8221;{}&#8221; custom_padding_phone=&#8221;0px|0px||0px|false|true&#8221;]<\/p>\n<p>Nasz <strong>biwak<\/strong> Schilf to idealne miejsce dla <strong>zakochanych<\/strong>. Po\u0142o\u017cony bezpo\u015brednio nad brzegiem jeziora Millstatt, zapewnia absolutn\u0105 prywatno\u015b\u0107 i niezr\u00f3wnany <strong>widok na wod\u0119<\/strong> - w dzie\u0144 i w nocy. Zapraszamy do hotelu zur Post na \u015bniadanie i przygotowujemy kosz piknikowy dla smakoszy na romantyczn\u0105 kolacj\u0119 nad jeziorem.  <\/p>\n<p>Pomimo odosobnienia mo\u017cna korzysta\u0107 ze wszystkich udogodnie\u0144 hotelu: sauny, \u0142a\u017ani parowej, kabiny na podczerwie\u0144, solarium i naszej prywatnej hotelowej pla\u017cy z le\u017cakami i parasolami.<\/p>\n<p>Sam biwak ma celowo minimalistyczny wystr\u00f3j: Przytulne \u0142\u00f3\u017cko ze szwajcarskiej sosny, cz\u0119\u015b\u0107 wypoczynkowa i ma\u0142a \u0142azienka zapewniaj\u0105 komfort bez zb\u0119dnych dodatk\u00f3w. Nie ma tu pod\u0142\u0105czenia do wody - zamiast tego mo\u017cna skorzysta\u0107 z naszych pobliskich urz\u0105dze\u0144 sanitarnych z ciep\u0142\u0105 wod\u0105 na pla\u017cy lub w hotelowej strefie wellness. Dost\u0119pna jest r\u00f3wnie\u017c sucha toaleta.  <\/p>\n<p>Zafunduj sobie niezapomniany wypoczynek dla dwojga pod gwiazdami - chwile, kt\u00f3re nale\u017c\u0105 tylko do Ciebie.<\/p>\n<p>[\/et_pb_text][dsm_masonry_gallery gallery_ids=&#8221;27420,27421,27422,27423,27425&#8243; dsm_sort_images=&#8221;off&#8221; use_overlay=&#8221;on&#8221; overlay_title=&#8221;off&#8221; overlay_caption=&#8221;off&#8221; overlay_description=&#8221;off&#8221; use_lightbox=&#8221;on&#8221; lightbox_title=&#8221;off&#8221; lightbox_caption=&#8221;off&#8221; overlay_color=&#8221;rgba(0,0,0,0.17)&#8221; disabled_on=&#8221;on|on|off&#8221; _builder_version=&#8221;4.27.4&#8243; _module_preset=&#8221;default&#8221; width=&#8221;90%&#8221; max_width=&#8221;100%&#8221; module_alignment=&#8221;center&#8221; border_radii_grid=&#8221;on|15px|15px|15px|15px&#8221; global_colors_info=&#8221;{}&#8221;][\/dsm_masonry_gallery][et_pb_gallery gallery_ids=&#8221;27422,27423,27425,27421,27420&#8243; fullwidth=&#8221;on&#8221; disabled_on=&#8221;off|off|on&#8221; _builder_version=&#8221;4.27.4&#8243; _module_preset=&#8221;default&#8221; width=&#8221;80%&#8221; width_tablet=&#8221;90%&#8221; width_phone=&#8221;89%&#8221; width_last_edited=&#8221;on|phone&#8221; max_width=&#8221;100%&#8221; module_alignment=&#8221;center&#8221; border_radii=&#8221;on|20px|20px|20px|20px&#8221; global_colors_info=&#8221;{}&#8221; width__hover_enabled=&#8221;on|desktop&#8221; width__hover=&#8221;80%&#8221;][\/et_pb_gallery][\/et_pb_column][\/et_pb_row][et_pb_row custom_padding_last_edited=&#8221;on|phone&#8221; disabled_on=&#8221;off|off|off&#8221; _builder_version=&#8221;4.27.4&#8243; _module_preset=&#8221;default&#8221; width=&#8221;100%&#8221; max_width=&#8221;100%&#8221; custom_padding=&#8221;11px||50px||false|false&#8221; custom_padding_tablet=&#8221;50px||30px||false|false&#8221; custom_padding_phone=&#8221;||20px||false|false&#8221; background_enable_image_phone=&#8221;off&#8221; global_colors_info=&#8221;{}&#8221;][et_pb_column type=&#8221;4_4&#8243; _builder_version=&#8221;4.27.4&#8243; _module_preset=&#8221;default&#8221; global_colors_info=&#8221;{}&#8221;][et_pb_image src=&#8221;https:\/\/hotelzurpost.co.at\/wp-content\/uploads\/2025\/05\/line-Konvertiert-scaled.png&#8221; title_text=&#8221;125447&#8243; src_tablet=&#8221;https:\/\/hotelzurpost.co.at\/wp-content\/uploads\/2025\/05\/line-Konvertiert-scaled.png&#8221; src_phone=&#8221;https:\/\/hotelzurpost.co.at\/wp-content\/uploads\/2025\/05\/125447.png&#8221; src_last_edited=&#8221;on|phone&#8221; _builder_version=&#8221;4.27.4&#8243; _module_preset=&#8221;default&#8221; global_colors_info=&#8221;{}&#8221;][\/et_pb_image][\/et_pb_column][\/et_pb_row][\/et_pb_section][et_pb_section fb_built=&#8221;1&#8243; _builder_version=&#8221;4.27.4&#8243; _module_preset=&#8221;default&#8221; background_size=&#8221;contain&#8221; background_position=&#8221;bottom_center&#8221; background_vertical_offset=&#8221;94%&#8221; background_blend=&#8221;multiply&#8221; custom_padding=&#8221;0px||0px||false|false&#8221; global_colors_info=&#8221;{}&#8221;][et_pb_row custom_padding_last_edited=&#8221;on|phone&#8221; _builder_version=&#8221;4.27.4&#8243; _module_preset=&#8221;default&#8221; custom_padding=&#8221;80px||80px||true|false&#8221; custom_padding_tablet=&#8221;4%||4%||true|false&#8221; custom_padding_phone=&#8221;10%||4%||false|false&#8221; global_colors_info=&#8221;{}&#8221;][et_pb_column type=&#8221;4_4&#8243; _builder_version=&#8221;4.27.4&#8243; _module_preset=&#8221;default&#8221; global_colors_info=&#8221;{}&#8221;][et_pb_text content_tablet=&#8221;<\/p>\n<h2>Przyjed\u017a i b\u0105d\u017a w domu<\/h2>\n<p>&#8221; content_phone=&#8221;<\/p>\n<h2>Przyjed\u017a i b\u0105d\u017a w domu<\/h2>\n<p>&#8221; content_last_edited=&#8221;on|phone&#8221; _builder_version=&#8221;4.27.4&#8243; _module_preset=&#8221;a1808a1a-ade9-426a-a800-951d56873e9e&#8221; text_font_size=&#8221;70px&#8221; text_line_height=&#8221;1em&#8221; custom_padding=&#8221;||0px|||&#8221; text_font_size_tablet=&#8221;70px&#8221; text_font_size_phone=&#8221;39px&#8221; text_font_size_last_edited=&#8221;on|phone&#8221; global_colors_info=&#8221;{}&#8221; text_font_size__hover_enabled=&#8221;on|desktop&#8221; text_font_size__hover=&#8221;70px&#8221;]<\/p>\n<h2>Przyjed\u017a i b\u0105d\u017a w domu<\/h2>\n<p>[\/et_pb_text][\/et_pb_column][\/et_pb_row][et_pb_row column_structure=&#8221;2_5,3_5&#8243; use_custom_gutter=&#8221;on&#8221; gutter_width=&#8221;2&#8243; make_equal=&#8221;on&#8221; custom_padding_last_edited=&#8221;on|tablet&#8221; module_id=&#8221;bahn&#8221; _builder_version=&#8221;4.27.4&#8243; _module_preset=&#8221;default&#8221; width=&#8221;85%&#8221; max_width=&#8221;100%&#8221; custom_padding=&#8221;0px||2px|||&#8221; custom_padding_tablet=&#8221;0px||0px||false|false&#8221; custom_padding_phone=&#8221;0px||0px||false|false&#8221; global_colors_info=&#8221;{}&#8221; custom_css_main_element_last_edited=&#8221;on|tablet&#8221; custom_css_main_element_tablet=&#8221;display: flex;||flex-wrap: wrap;&#8221; custom_css_main_element_phone=&#8221;display: flex;||flex-wrap: wrap;&#8221;][et_pb_column type=&#8221;2_5&#8243; _builder_version=&#8221;4.27.4&#8243; _module_preset=&#8221;default&#8221; background_image=&#8221;https:\/\/hotelzurpost.co.at\/wp-content\/uploads\/2025\/09\/17-print_biwak_hotelpost_mtg\u00a9gert_perauer.jpg&#8221; background_position=&#8221;bottom_left&#8221; background_vertical_offset=&#8221;70%&#8221; custom_padding=&#8221;190px||190px||true|false&#8221; custom_padding_tablet=&#8221;200px||200px||true|false&#8221; custom_padding_phone=&#8221;110px||110px||true|false&#8221; custom_padding_last_edited=&#8221;on|phone&#8221; animation_style=&#8221;fade&#8221; border_radii=&#8221;on|25px|25px|25px|25px&#8221; global_colors_info=&#8221;{%22gcid-b0af9cbb-8993-4995-81b0-ff5a8347cb53%22:%91%22box_shadow_color%22%93}&#8221;][et_pb_divider show_divider=&#8221;off&#8221; _builder_version=&#8221;4.27.4&#8243; _module_preset=&#8221;default&#8221; global_colors_info=&#8221;{}&#8221;][\/et_pb_divider][\/et_pb_column][et_pb_column type=&#8221;3_5&#8243; _builder_version=&#8221;4.27.4&#8243; _module_preset=&#8221;default&#8221; background_enable_image=&#8221;off&#8221; background_size=&#8221;stretch&#8221; custom_padding=&#8221;30px||30px||true|false&#8221; custom_padding_tablet=&#8221;30px||30px||true|false&#8221; custom_padding_phone=&#8221;30px||30px||true|false&#8221; custom_padding_last_edited=&#8221;on|phone&#8221; animation_style=&#8221;slide&#8221; animation_direction=&#8221;left&#8221; animation_intensity_slide=&#8221;40%&#8221; global_colors_info=&#8221;{}&#8221; custom_css_main_element_last_edited=&#8221;on|tablet&#8221; custom_css_main_element_tablet=&#8221;order: 2;&#8221; custom_css_main_element_phone=&#8221;order: 2;&#8221;][et_pb_text _builder_version=&#8221;4.27.4&#8243; _module_preset=&#8221;163da7d0-bfd7-4d30-9684-fcf7dbc101d4&#8243; text_orientation=&#8221;left&#8221; custom_margin=&#8221;||25px||false|false&#8221; text_orientation_phone=&#8221;left&#8221; global_colors_info=&#8221;{}&#8221;]<\/p>\n<h3>Ceny 2025 za 2 osoby za noc<\/h3>\n<p>&nbsp;<\/p>\n<p><strong>Kwiecie\u0144 + pa\u017adziernik:<\/strong> 209,- \u20ac<br \/><strong>Maj, czerwiec i wrzesie\u0144:<\/strong> 279,- \u20ac<br \/><strong>Lipiec i sierpie\u0144:<\/strong> 319,- \u20ac<\/p>\n<p><strong>W cen\u0119 wliczono pobyt 2 os\u00f3b:<\/strong><\/p>\n<ul>\n<li>Nocleg w trzcinach biwakowych<\/li>\n<li>Kosz piknikowy dla smakoszy z regionalnymi specja\u0142ami na zimno, domowymi sosami chutney i pastami do smarowania,<br \/>ciastkami oraz 1 butelk\u0105 austriackiego wina musuj\u0105cego i wody mineralnej.<\/li>\n<li>Bogate \u015bniadanie w formie bufetu w hotelu<\/li>\n<li>Korzystanie ze strefy wellness w hotelu<\/li>\n<li>1 dzie\u0144 bezp\u0142atnego wst\u0119pu na prywatn\u0105 pla\u017c\u0119 hotelow\u0105<\/li>\n<\/ul>\n<p><strong>Us\u0142ugi dodatkowe:<\/strong><\/p>\n<p>Kosz \u015bniadaniowy dostarczany bezpo\u015brednio na biwak: 29 \u20ac dla 2 os\u00f3b<br \/>(kawa lub herbata, d\u017cem, mas\u0142o, w\u0119dlina i ser, warzywa i owoce, wypieki, sok i woda mineralna)<\/p>\n<p>W biwaku nie mog\u0105 przebywa\u0107 zwierz\u0119ta domowe.<\/p>\n<p>[\/et_pb_text][et_pb_image src=&#8221;https:\/\/hotelzurpost.co.at\/wp-content\/uploads\/2025\/05\/line-Konvertiert-scaled.png&#8221; title_text=&#8221;linia %91Converted%93&#8243; _builder_version=&#8221;4.27.4&#8243; _module_preset=&#8221;default&#8221; global_colors_info=&#8221;{}&#8221;][\/et_pb_image][et_pb_image src=&#8221;https:\/\/hotelzurpost.co.at\/wp-content\/uploads\/2025\/08\/1_Foeg_Leiste_BundELEREU_2020_RGB-scaled.jpg&#8221; title_text=&#8221;Foeg_Leiste_Bund_Laender_and_EU_ELER_2018_Test_4C&#8221; _builder_version=&#8221;4.27.4&#8243; _module_preset=&#8221;default&#8221; global_colors_info=&#8221;{}&#8221;][\/et_pb_image][et_pb_text _builder_version=&#8221;4.27.4&#8243; _module_preset=&#8221;163da7d0-bfd7-4d30-9684-fcf7dbc101d4&#8243; text_text_color=&#8221;rgba(0,0,0,0.75)&#8221; text_font_size=&#8221;15px&#8221; text_line_height=&#8221;1.4em&#8221; text_orientation=&#8221;left&#8221; text_orientation_phone=&#8221;center&#8221; global_colors_info=&#8221;{}&#8221;]<\/p>\n<p>Projekt &#8222;Biwak pod gwiazdami. Rifugio sotto le stelle.&#8221; zosta\u0142 uznany za projekt latarni morskiej w 2016 r. i wspierany finansowo przez <a href=\"https:\/\/www.bmluk.gv.at\/\" target=\"_blank\" rel=\"noopener\">rz\u0105d federalny<\/a>, <a href=\"https:\/\/agriculture.ec.europa.eu\/common-agricultural-policy\/rural-development_de\" target=\"_blank\" rel=\"noopener\">Uni\u0119 Europejsk\u0105 i EFRROW<\/a>.<\/p>\n<p>[\/et_pb_text][\/et_pb_column][\/et_pb_row][\/et_pb_section]<\/p>\n","protected":false},"excerpt":{"rendered":"<p>Biwak pod gwiazdami - Rifugio sotto le stelleTylko ksi\u0119\u017cyc patrzyNasz biwak Schilf to idealne miejsce dla zakochanych. Po\u0142o\u017cony bezpo\u015brednio nad brzegiem jeziora Millstatt, zapewnia absolutn\u0105 prywatno\u015b\u0107 i niezr\u00f3wnany widok na wod\u0119 - w dzie\u0144 i w nocy. Zapraszamy do hotelu zur Post na \u015bniadanie i przygotowujemy kosz piknikowy dla smakoszy na romantyczn\u0105 kolacj\u0119 nad jeziorem. Pomimo odosobnienia mo\u017cna korzysta\u0107 ze wszystkich udogodnie\u0144 hotelu: sauny, \u0142a\u017ani parowej, kabiny na podczerwie\u0144, solarium i naszej prywatnej hotelowej pla\u017cy z le\u017cakami i parasolami. Sam biwak ma celowo minimalistyczny wystr\u00f3j: Przytulne \u0142\u00f3\u017cko ze szwajcarskiej sosny, cz\u0119\u015b\u0107 wypoczynkowa i ma\u0142a \u0142azienka zapewniaj\u0105 komfort bez zb\u0119dnych dodatk\u00f3w. Nie ma tu pod\u0142\u0105czenia do wody - zamiast tego mo\u017cna skorzysta\u0107 z naszych pobliskich urz\u0105dze\u0144 sanitarnych z ciep\u0142\u0105 wod\u0105 na pla\u017cy lub w hotelowej strefie wellness. Dost\u0119pna jest r\u00f3wnie\u017c sucha toaleta. Zafunduj sobie niezapomniany wypoczynek dla dwojga pod gwiazdami - chwile, kt\u00f3re nale\u017c\u0105 tylko do Ciebie.<div class=\"et_pb_module dsm_masonry_gallery dsm_masonry_gallery_0\">\n\t\t\t\t\n\t\t\t\t\n\t\t\t\t\n\t\t\t\t\n\t\t\t\t\n\t\t\t\t\n\t\t\t\t<div class=\"et_pb_module_inner\">\n\t\t\t\t\t<div class=\"dsm-gallery grid\" data-lightbox=\"true\" data-horizontalorder=\"true\">\n                <div class=\"grid-sizer\"><\/div><div class=\"gutter-sizer\"><\/div><div class=\"grid-item\">\n                    <a href=\"https:\/\/hotelzurpost.co.at\/wp-content\/uploads\/2025\/09\/rec.-ZEITplatz_Der-Wert-der-ZEIT_Hotel-zur-Post_Doebriach_Millstaetter-See_Sommer-\u00a9Gert-Perauer_MBN-Tourismus-3-1.jpg\"   data-mfp-src=\"https:\/\/hotelzurpost.co.at\/wp-content\/uploads\/2025\/09\/rec.-ZEITplatz_Der-Wert-der-ZEIT_Hotel-zur-Post_Doebriach_Millstaetter-See_Sommer-\u00a9Gert-Perauer_MBN-Tourismus-3-1.jpg\">\n                        <div class=\"et_pb_image_wrap\">\n                            <img decoding=\"async\" src=\"https:\/\/hotelzurpost.co.at\/wp-content\/uploads\/2025\/09\/rec.-ZEITplatz_Der-Wert-der-ZEIT_Hotel-zur-Post_Doebriach_Millstaetter-See_Sommer-\u00a9Gert-Perauer_MBN-Tourismus-3-1.jpg\" title=\"rec.-ZEITplatz_Der-Wert-der-ZEIT_Hotel-zur-Post_D\u00f6briach_Millst\u00e4tter-See_Sommer-\u00a9Gert-Perauer_MBN-Tourismus-(3)-(1)\" alt=\"\" class=\"dsm-skip-lazyload\" srcset=\"https:\/\/hotelzurpost.co.at\/wp-content\/uploads\/2025\/09\/rec.-ZEITplatz_Der-Wert-der-ZEIT_Hotel-zur-Post_Doebriach_Millstaetter-See_Sommer-\u00a9Gert-Perauer_MBN-Tourismus-3-1.jpg 1000w, https:\/\/hotelzurpost.co.at\/wp-content\/uploads\/2025\/09\/rec.-ZEITplatz_Der-Wert-der-ZEIT_Hotel-zur-Post_Doebriach_Millstaetter-See_Sommer-\u00a9Gert-Perauer_MBN-Tourismus-3-1-300x199.jpg 300w, https:\/\/hotelzurpost.co.at\/wp-content\/uploads\/2025\/09\/rec.-ZEITplatz_Der-Wert-der-ZEIT_Hotel-zur-Post_Doebriach_Millstaetter-See_Sommer-\u00a9Gert-Perauer_MBN-Tourismus-3-1-768x510.jpg 768w, https:\/\/hotelzurpost.co.at\/wp-content\/uploads\/2025\/09\/rec.-ZEITplatz_Der-Wert-der-ZEIT_Hotel-zur-Post_Doebriach_Millstaetter-See_Sommer-\u00a9Gert-Perauer_MBN-Tourismus-3-1-980x651.jpg 980w, https:\/\/hotelzurpost.co.at\/wp-content\/uploads\/2025\/09\/rec.-ZEITplatz_Der-Wert-der-ZEIT_Hotel-zur-Post_Doebriach_Millstaetter-See_Sommer-\u00a9Gert-Perauer_MBN-Tourismus-3-1-480x319.jpg 480w\" sizes=\"(max-width: 1000px) 100vw, 1000px\" width=\"1000\" height=\"664\" \/>\n                            <span class=\"et_overlay dsm-overlay\">\n                        <div class=\"dsm-overlay-inner\">\n                            \n                            \n\t\t\t\t\t\t\t\n                        <\/div>\n                    <\/span>\n                        <\/div>\n                    <\/a>\n                <\/div><div class=\"grid-item\">\n                    <a href=\"https:\/\/hotelzurpost.co.at\/wp-content\/uploads\/2025\/08\/biwak-nacht-1.jpg\"   data-mfp-src=\"https:\/\/hotelzurpost.co.at\/wp-content\/uploads\/2025\/08\/biwak-nacht-1.jpg\">\n                        <div class=\"et_pb_image_wrap\">\n                            <img decoding=\"async\" src=\"https:\/\/hotelzurpost.co.at\/wp-content\/uploads\/2025\/08\/biwak-nacht-1.jpg\" title=\"noc biwaku\" alt=\"\" class=\"dsm-skip-lazyload\" srcset=\"https:\/\/hotelzurpost.co.at\/wp-content\/uploads\/2025\/08\/biwak-nacht-1.jpg 1000w, https:\/\/hotelzurpost.co.at\/wp-content\/uploads\/2025\/08\/biwak-nacht-1-980x706.jpg 980w, https:\/\/hotelzurpost.co.at\/wp-content\/uploads\/2025\/08\/biwak-nacht-1-480x346.jpg 480w\" sizes=\"(min-width: 0px) and (max-width: 480px) 480px, (min-width: 481px) and (max-width: 980px) 980px, (min-width: 981px) 1000px, 100vw\" width=\"1000\" height=\"720\" \/>\n                            <span class=\"et_overlay dsm-overlay\">\n                        <div class=\"dsm-overlay-inner\">\n                            \n                            \n\t\t\t\t\t\t\t\n                        <\/div>\n                    <\/span>\n                        <\/div>\n                    <\/a>\n                <\/div><div class=\"grid-item\">\n                    <a href=\"https:\/\/hotelzurpost.co.at\/wp-content\/uploads\/2025\/08\/biwak-aussen.jpg\"   data-mfp-src=\"https:\/\/hotelzurpost.co.at\/wp-content\/uploads\/2025\/08\/biwak-aussen.jpg\">\n                        <div class=\"et_pb_image_wrap\">\n                            <img decoding=\"async\" src=\"https:\/\/hotelzurpost.co.at\/wp-content\/uploads\/2025\/08\/biwak-aussen.jpg\" title=\"biwak na zewn\u0105trz\" alt=\"\" class=\"dsm-skip-lazyload\" srcset=\"https:\/\/hotelzurpost.co.at\/wp-content\/uploads\/2025\/08\/biwak-aussen.jpg 1000w, https:\/\/hotelzurpost.co.at\/wp-content\/uploads\/2025\/08\/biwak-aussen-980x654.jpg 980w, https:\/\/hotelzurpost.co.at\/wp-content\/uploads\/2025\/08\/biwak-aussen-480x320.jpg 480w\" sizes=\"(min-width: 0px) and (max-width: 480px) 480px, (min-width: 481px) and (max-width: 980px) 980px, (min-width: 981px) 1000px, 100vw\" width=\"1000\" height=\"667\" \/>\n                            <span class=\"et_overlay dsm-overlay\">\n                        <div class=\"dsm-overlay-inner\">\n                            \n                            \n\t\t\t\t\t\t\t\n                        <\/div>\n                    <\/span>\n                        <\/div>\n                    <\/a>\n                <\/div><div class=\"grid-item\">\n                    <a href=\"https:\/\/hotelzurpost.co.at\/wp-content\/uploads\/2025\/08\/biwak-aussicht.jpg\"   data-mfp-src=\"https:\/\/hotelzurpost.co.at\/wp-content\/uploads\/2025\/08\/biwak-aussicht.jpg\">\n                        <div class=\"et_pb_image_wrap\">\n                            <img decoding=\"async\" src=\"https:\/\/hotelzurpost.co.at\/wp-content\/uploads\/2025\/08\/biwak-aussicht.jpg\" title=\"widok z biwaku\" alt=\"\" class=\"dsm-skip-lazyload\" srcset=\"https:\/\/hotelzurpost.co.at\/wp-content\/uploads\/2025\/08\/biwak-aussicht.jpg 1000w, https:\/\/hotelzurpost.co.at\/wp-content\/uploads\/2025\/08\/biwak-aussicht-980x654.jpg 980w, https:\/\/hotelzurpost.co.at\/wp-content\/uploads\/2025\/08\/biwak-aussicht-480x320.jpg 480w\" sizes=\"(min-width: 0px) and (max-width: 480px) 480px, (min-width: 481px) and (max-width: 980px) 980px, (min-width: 981px) 1000px, 100vw\" width=\"1000\" height=\"667\" \/>\n                            <span class=\"et_overlay dsm-overlay\">\n                        <div class=\"dsm-overlay-inner\">\n                            \n                            \n\t\t\t\t\t\t\t\n                        <\/div>\n                    <\/span>\n                        <\/div>\n                    <\/a>\n                <\/div><div class=\"grid-item\">\n                    <a href=\"https:\/\/hotelzurpost.co.at\/wp-content\/uploads\/2025\/08\/biwak-innen.jpg\"   data-mfp-src=\"https:\/\/hotelzurpost.co.at\/wp-content\/uploads\/2025\/08\/biwak-innen.jpg\">\n                        <div class=\"et_pb_image_wrap\">\n                            <img decoding=\"async\" src=\"https:\/\/hotelzurpost.co.at\/wp-content\/uploads\/2025\/08\/biwak-innen.jpg\" title=\"biwak wewn\u0105trz\" alt=\"\" class=\"dsm-skip-lazyload\" srcset=\"https:\/\/hotelzurpost.co.at\/wp-content\/uploads\/2025\/08\/biwak-innen.jpg 1000w, https:\/\/hotelzurpost.co.at\/wp-content\/uploads\/2025\/08\/biwak-innen-980x654.jpg 980w, https:\/\/hotelzurpost.co.at\/wp-content\/uploads\/2025\/08\/biwak-innen-480x320.jpg 480w\" sizes=\"(min-width: 0px) and (max-width: 480px) 480px, (min-width: 481px) and (max-width: 980px) 980px, (min-width: 981px) 1000px, 100vw\" width=\"1000\" height=\"667\" \/>\n                            <span class=\"et_overlay dsm-overlay\">\n                        <div class=\"dsm-overlay-inner\">\n                            \n                            \n\t\t\t\t\t\t\t\n                        <\/div>\n                    <\/span>\n                        <\/div>\n                    <\/a>\n                <\/div>\n             <\/div>\n\t\t\t\t<\/div>\n\t\t\t<\/div>Przyjed\u017a i b\u0105d\u017a w domuCeny 2025 za 2 osoby za noc &nbsp; Kwiecie\u0144 + pa\u017adziernik: 209,- \u20acMaj, czerwiec i wrzesie\u0144: 279,- \u20acLipiec i sierpie\u0144: 319,- \u20ac W cen\u0119 wliczono pobyt 2 os\u00f3b: Nocleg w trzcinach biwakowych Kosz [&hellip;]<\/p>\n","protected":false},"author":2,"featured_media":0,"parent":0,"menu_order":0,"comment_status":"closed","ping_status":"closed","template":"","meta":{"_et_pb_use_builder":"on","_et_pb_old_content":"","_et_gb_content_width":"","footnotes":""},"class_list":["post-27418","page","type-page","status-publish","hentry"],"_links":{"self":[{"href":"https:\/\/hotelzurpost.co.at\/pl\/wp-json\/wp\/v2\/pages\/27418","targetHints":{"allow":["GET"]}}],"collection":[{"href":"https:\/\/hotelzurpost.co.at\/pl\/wp-json\/wp\/v2\/pages"}],"about":[{"href":"https:\/\/hotelzurpost.co.at\/pl\/wp-json\/wp\/v2\/types\/page"}],"author":[{"embeddable":true,"href":"https:\/\/hotelzurpost.co.at\/pl\/wp-json\/wp\/v2\/users\/2"}],"replies":[{"embeddable":true,"href":"https:\/\/hotelzurpost.co.at\/pl\/wp-json\/wp\/v2\/comments?post=27418"}],"version-history":[{"count":3,"href":"https:\/\/hotelzurpost.co.at\/pl\/wp-json\/wp\/v2\/pages\/27418\/revisions"}],"predecessor-version":[{"id":27437,"href":"https:\/\/hotelzurpost.co.at\/pl\/wp-json\/wp\/v2\/pages\/27418\/revisions\/27437"}],"wp:attachment":[{"href":"https:\/\/hotelzurpost.co.at\/pl\/wp-json\/wp\/v2\/media?parent=27418"}],"curies":[{"name":"wp","href":"https:\/\/api.w.org\/{rel}","templated":true}]}}