{"id":27372,"date":"2025-09-17T12:24:15","date_gmt":"2025-09-17T10:24:15","guid":{"rendered":"https:\/\/hotelzurpost.co.at\/nockscrew-i-nocksapp\/"},"modified":"2026-01-26T14:16:38","modified_gmt":"2026-01-26T12:16:38","slug":"nockscrew-i-nocksapp","status":"publish","type":"page","link":"https:\/\/hotelzurpost.co.at\/pl\/nockscrew-i-nocksapp\/","title":{"rendered":"Nockscrew i NocksApp"},"content":{"rendered":"<p>[et_pb_section fb_built=&#8221;1&#8243; custom_padding_last_edited=&#8221;on|desktop&#8221; _builder_version=&#8221;4.27.4&#8243; _module_preset=&#8221;default&#8221; background_enable_color=&#8221;off&#8221; use_background_color_gradient=&#8221;on&#8221; background_color_gradient_stops=&#8221;#ffffff 79%|rgba(58,58,59,0.6) 100%&#8221; background_image=&#8221;https:\/\/hotelzurpost.co.at\/wp-content\/uploads\/2025\/07\/Post-Skriptum-569-von-612.jpg&#8221; background_position=&#8221;bottom_center&#8221; background_vertical_offset=&#8221;40%&#8221; background_blend=&#8221;multiply&#8221; width=&#8221;100%&#8221; height=&#8221;730px&#8221; height_tablet=&#8221;370px&#8221; height_phone=&#8221;240px&#8221; height_last_edited=&#8221;on|phone&#8221; custom_padding=&#8221;||0px||false|false&#8221; custom_padding_tablet=&#8221;|||0px|false|false&#8221; custom_padding_phone=&#8221;50px||0px|0px|false|false&#8221; background_last_edited=&#8221;on|tablet&#8221; use_background_color_gradient_tablet=&#8221;on&#8221; background_color_gradient_stops_tablet=&#8221;#ffffff 55%|rgba(58,58,59,0.6) 69%&#8221; global_colors_info=&#8221;{}&#8221;][\/et_pb_section][et_pb_section fb_built=&#8221;1&#8243; _builder_version=&#8221;4.27.4&#8243; _module_preset=&#8221;default&#8221; background_color=&#8221;rgba(0,117,137,0.1)&#8221; custom_padding=&#8221;0px||0px||false|false&#8221; global_colors_info=&#8221;{}&#8221;][et_pb_row _builder_version=&#8221;4.27.4&#8243; _module_preset=&#8221;default&#8221; background_color=&#8221;gcid-22a908cf-4fcb-470e-9fdb-218ba199538f&#8221; width=&#8221;100%&#8221; max_width=&#8221;100%&#8221; custom_padding=&#8221;29px||19px|||&#8221; global_colors_info=&#8221;{%22gcid-22a908cf-4fcb-470e-9fdb-218ba199538f%22:%91%22background_color%22%93}&#8221;][et_pb_column type=&#8221;4_4&#8243; _builder_version=&#8221;4.27.4&#8243; _module_preset=&#8221;default&#8221; global_colors_info=&#8221;{}&#8221;][et_pb_text _builder_version=&#8221;4.27.4&#8243; _module_preset=&#8221;1b9ff88c-8403-4761-a812-f191bbcf616b&#8221; global_colors_info=&#8221;{}&#8221;]<\/p>\n<h1>Witamy w NocksCrew<\/h1>\n<p>[\/et_pb_text][\/et_pb_column][\/et_pb_row][et_pb_row _builder_version=&#8221;4.27.4&#8243; _module_preset=&#8221;default&#8221; background_enable_color=&#8221;off&#8221; width=&#8221;100%&#8221; max_width=&#8221;100%&#8221; custom_padding=&#8221;30px||30px||true|&#8221; global_colors_info=&#8221;{}&#8221;][et_pb_column type=&#8221;4_4&#8243; _builder_version=&#8221;4.27.4&#8243; _module_preset=&#8221;default&#8221; global_colors_info=&#8221;{}&#8221;][et_pb_text _builder_version=&#8221;4.27.4&#8243; _module_preset=&#8221;84304942-4737-4169-92ab-4f437c0ed3a4&#8243; width=&#8221;70%&#8221; custom_margin=&#8221;||40px||false|false&#8221; custom_margin_phone=&#8221;||50px||false|false&#8221; global_colors_info=&#8221;{}&#8221;]<\/p>\n<p><strong> NocksCrew<\/strong> to spo\u0142eczno\u015b\u0107 wok\u00f3\u0142 <strong>jeziora Millstatt, Bad Kleinkirchheim i<\/strong> g\u00f3r <strong>Nockberge<\/strong> - dla ka\u017cdego, kto <strong>pracuje, uczy si\u0119 lub<\/strong> odbywa <strong>sta\u017c<\/strong> w regionie. Oferuje ekscytuj\u0105ce mo\u017cliwo\u015bci rozwoju osobistego, cenne <strong>korzy\u015bci<\/strong> i wiele <strong>okazji<\/strong> do lepszego poznania<br \/>regionu i spo\u0142eczno\u015bci. <\/p>\n<p>[\/et_pb_text][et_pb_text _builder_version=&#8221;4.27.4&#8243; _module_preset=&#8221;3263c9d5-3722-4752-ba0d-65081f7aca6e&#8221; global_colors_info=&#8221;{}&#8221;]<\/p>\n<h2>Korzy\u015bci dla cz\u0142onk\u00f3w<\/h2>\n<p>[\/et_pb_text][et_pb_text _builder_version=&#8221;4.27.4&#8243; _module_preset=&#8221;163da7d0-bfd7-4d30-9684-fcf7dbc101d4&#8243; global_colors_info=&#8221;{}&#8221;]<\/p>\n<p style=\"text-align: center\">Jako cz\u0142onek korzystasz z ekskluzywnych ofert i us\u0142ug:<\/p>\n<p>[\/et_pb_text][\/et_pb_column][\/et_pb_row][et_pb_row column_structure=&#8221;1_3,1_3,1_3&#8243; _builder_version=&#8221;4.27.4&#8243; _module_preset=&#8221;default&#8221; custom_padding=&#8221;5px||0px|||&#8221; global_colors_info=&#8221;{}&#8221;][et_pb_column type=&#8221;1_3&#8243; _builder_version=&#8221;4.27.4&#8243; _module_preset=&#8221;default&#8221; global_colors_info=&#8221;{}&#8221;][et_pb_blurb use_icon=&#8221;on&#8221; font_icon=&#8221;&#x35;||divi||400&#8243; icon_color=&#8221;gcid-22a908cf-4fcb-470e-9fdb-218ba199538f&#8221; icon_placement=&#8221;left&#8221; image_icon_width=&#8221;25px&#8221; _builder_version=&#8221;4.27.4&#8243; _module_preset=&#8221;default&#8221; body_font=&#8221;-et_global_body_font||||||||&#8221; body_text_color=&#8221;rgba(0,0,0,0.85)&#8221; body_font_size=&#8221;17px&#8221; body_line_height=&#8221;1.5em&#8221; image_icon_custom_margin=&#8221;-1px|||10px|false|false&#8221; global_colors_info=&#8221;{%22gcid-22a908cf-4fcb-470e-9fdb-218ba199538f%22:%91%22icon_color%22%93}&#8221;]<\/p>\n<p><strong>NocksCard<\/strong>: Twoja cyfrowa karta korzy\u015bci w aplikacji NocksApp ze zni\u017ckami i promocjami w ponad 100 regionalnych firmach partnerskich.<\/p>\n<p>[\/et_pb_blurb][\/et_pb_column][et_pb_column type=&#8221;1_3&#8243; _builder_version=&#8221;4.27.4&#8243; _module_preset=&#8221;default&#8221; global_colors_info=&#8221;{}&#8221;][et_pb_blurb use_icon=&#8221;on&#8221; font_icon=&#8221;&#x35;||divi||400&#8243; icon_color=&#8221;gcid-22a908cf-4fcb-470e-9fdb-218ba199538f&#8221; icon_placement=&#8221;left&#8221; image_icon_width=&#8221;25px&#8221; _builder_version=&#8221;4.27.4&#8243; _module_preset=&#8221;default&#8221; body_font=&#8221;-et_global_body_font||||||||&#8221; body_text_color=&#8221;rgba(0,0,0,0.85)&#8221; body_font_size=&#8221;16px&#8221; body_line_height=&#8221;1.5em&#8221; image_icon_custom_margin=&#8221;-1px|||10px|false|false&#8221; global_colors_info=&#8221;{%22gcid-22a908cf-4fcb-470e-9fdb-218ba199538f%22:%91%22icon_color%22%93}&#8221;]<\/p>\n<p><strong>NocksApp<\/strong>: Wszystkie informacje, wiadomo\u015bci i wskaz\u00f3wki dotycz\u0105ce wydarze\u0144 w skr\u00f3cie. Dost\u0119p do mikroszkole\u0144, dokument\u00f3w i cyfrowej karty NocksCard. <\/p>\n<p>[\/et_pb_blurb][\/et_pb_column][et_pb_column type=&#8221;1_3&#8243; _builder_version=&#8221;4.27.4&#8243; _module_preset=&#8221;default&#8221; global_colors_info=&#8221;{}&#8221;][et_pb_blurb use_icon=&#8221;on&#8221; font_icon=&#8221;&#x35;||divi||400&#8243; icon_color=&#8221;gcid-22a908cf-4fcb-470e-9fdb-218ba199538f&#8221; icon_placement=&#8221;left&#8221; image_icon_width=&#8221;25px&#8221; _builder_version=&#8221;4.27.4&#8243; _module_preset=&#8221;default&#8221; body_font=&#8221;-et_global_body_font||||||||&#8221; body_text_color=&#8221;rgba(0,0,0,0.85)&#8221; body_font_size=&#8221;16px&#8221; body_line_height=&#8221;1.5em&#8221; image_icon_custom_margin=&#8221;-1px|||10px|false|false&#8221; global_colors_info=&#8221;{%22gcid-22a908cf-4fcb-470e-9fdb-218ba199538f%22:%91%22icon_color%22%93}&#8221;]<\/p>\n<p><strong>Wydarzenia spo\u0142eczno\u015bciowe<\/strong>: Wsp\u00f3lne dzia\u0142ania, wydarzenia i dalsze szkolenia wzmacniaj\u0105 ducha zespo\u0142u i pozwalaj\u0105 lepiej pozna\u0107 region.<\/p>\n<p>[\/et_pb_blurb][\/et_pb_column][\/et_pb_row][et_pb_row custom_padding_last_edited=&#8221;on|phone&#8221; disabled_on=&#8221;off|off|off&#8221; _builder_version=&#8221;4.27.4&#8243; _module_preset=&#8221;default&#8221; width=&#8221;100%&#8221; max_width=&#8221;100%&#8221; custom_padding=&#8221;50px||50px||true|false&#8221; custom_padding_tablet=&#8221;50px||30px||false|false&#8221; custom_padding_phone=&#8221;||20px||false|false&#8221; background_enable_image_phone=&#8221;off&#8221; global_colors_info=&#8221;{}&#8221;][et_pb_column type=&#8221;4_4&#8243; _builder_version=&#8221;4.27.4&#8243; _module_preset=&#8221;default&#8221; global_colors_info=&#8221;{}&#8221;][et_pb_image src=&#8221;https:\/\/hotelzurpost.co.at\/wp-content\/uploads\/2025\/05\/line-Konvertiert-scaled.png&#8221; title_text=&#8221;125447&#8243; src_tablet=&#8221;https:\/\/hotelzurpost.co.at\/wp-content\/uploads\/2025\/05\/line-Konvertiert-scaled.png&#8221; src_phone=&#8221;https:\/\/hotelzurpost.co.at\/wp-content\/uploads\/2025\/05\/125447.png&#8221; src_last_edited=&#8221;on|phone&#8221; _builder_version=&#8221;4.27.4&#8243; _module_preset=&#8221;default&#8221; global_colors_info=&#8221;{}&#8221;][\/et_pb_image][\/et_pb_column][\/et_pb_row][\/et_pb_section][et_pb_section fb_built=&#8221;1&#8243; _builder_version=&#8221;4.27.4&#8243; _module_preset=&#8221;default&#8221; background_size=&#8221;contain&#8221; background_position=&#8221;bottom_center&#8221; background_vertical_offset=&#8221;94%&#8221; background_blend=&#8221;multiply&#8221; custom_padding=&#8221;0px||0px||false|false&#8221; global_colors_info=&#8221;{}&#8221;][et_pb_row custom_padding_last_edited=&#8221;on|phone&#8221; _builder_version=&#8221;4.27.4&#8243; _module_preset=&#8221;default&#8221; max_width=&#8221;100%&#8221; custom_padding=&#8221;80px||80px||true|false&#8221; custom_padding_tablet=&#8221;4%||4%||true|false&#8221; custom_padding_phone=&#8221;10%||4%||false|false&#8221; global_colors_info=&#8221;{}&#8221;][et_pb_column type=&#8221;4_4&#8243; _builder_version=&#8221;4.27.4&#8243; _module_preset=&#8221;default&#8221; global_colors_info=&#8221;{}&#8221;][et_pb_text content_tablet=&#8221;<\/p>\n<h2>Jak zosta\u0107 cz\u0119\u015bci\u0105 NocksCrew<\/h2>\n<p>&#8221; content_phone=&#8221;<\/p>\n<h2>Jak zosta\u0107 cz\u0119\u015bci\u0105 NocksCrew<\/h2>\n<p>&#8221; content_last_edited=&#8221;on|phone&#8221; _builder_version=&#8221;4.27.4&#8243; _module_preset=&#8221;a1808a1a-ade9-426a-a800-951d56873e9e&#8221; text_font_size=&#8221;70px&#8221; text_line_height=&#8221;1em&#8221; custom_padding=&#8221;||0px|||&#8221; text_font_size_tablet=&#8221;70px&#8221; text_font_size_phone=&#8221;39px&#8221; text_font_size_last_edited=&#8221;on|phone&#8221; global_colors_info=&#8221;{}&#8221; text_font_size__hover_enabled=&#8221;on|desktop&#8221; text_font_size__hover=&#8221;70px&#8221;]<\/p>\n<h2>Jak zosta\u0107 cz\u0119\u015bci\u0105 NocksCrew<\/h2>\n<p>[\/et_pb_text][\/et_pb_column][\/et_pb_row][et_pb_row column_structure=&#8221;2_5,3_5&#8243; use_custom_gutter=&#8221;on&#8221; gutter_width=&#8221;2&#8243; make_equal=&#8221;on&#8221; custom_padding_last_edited=&#8221;on|tablet&#8221; module_id=&#8221;bahn&#8221; _builder_version=&#8221;4.27.4&#8243; _module_preset=&#8221;default&#8221; width=&#8221;85%&#8221; max_width=&#8221;100%&#8221; custom_padding=&#8221;0px||0px|||&#8221; custom_padding_tablet=&#8221;0px||0px||false|false&#8221; custom_padding_phone=&#8221;0px||0px||false|false&#8221; global_colors_info=&#8221;{}&#8221; custom_css_main_element_last_edited=&#8221;on|tablet&#8221; custom_css_main_element_tablet=&#8221;display: flex;||flex-wrap: wrap;&#8221; custom_css_main_element_phone=&#8221;display: flex;||flex-wrap: wrap;&#8221;][et_pb_column type=&#8221;2_5&#8243; _builder_version=&#8221;4.27.4&#8243; _module_preset=&#8221;default&#8221; background_enable_image=&#8221;off&#8221; custom_padding_tablet=&#8221;&#8221; custom_padding_phone=&#8221;&#8221; custom_padding_last_edited=&#8221;on|desktop&#8221; animation_style=&#8221;fade&#8221; border_radii=&#8221;on|25px|25px|25px|25px&#8221; global_colors_info=&#8221;{%22gcid-b0af9cbb-8993-4995-81b0-ff5a8347cb53%22:%91%22box_shadow_color%22%93}&#8221;][et_pb_divider show_divider=&#8221;off&#8221; _builder_version=&#8221;4.27.4&#8243; _module_preset=&#8221;default&#8221; global_colors_info=&#8221;{}&#8221;][\/et_pb_divider][et_pb_gallery gallery_ids=&#8221;27297&#8243; fullwidth=&#8221;on&#8221; _builder_version=&#8221;4.27.4&#8243; _module_preset=&#8221;default&#8221; auto=&#8221;on&#8221; auto_speed=&#8221;5000&#8243; border_radii=&#8221;on|30px|30px|30px|30px&#8221; global_colors_info=&#8221;{}&#8221;][\/et_pb_gallery][\/et_pb_column][et_pb_column type=&#8221;3_5&#8243; module_class=&#8221;vertikal-zentrieren&#8221; _builder_version=&#8221;4.27.4&#8243; _module_preset=&#8221;default&#8221; background_enable_image=&#8221;off&#8221; background_size=&#8221;stretch&#8221; custom_padding_tablet=&#8221;&#8221; custom_padding_phone=&#8221;30px||100px||false|false&#8221; custom_padding_last_edited=&#8221;on|desktop&#8221; animation_style=&#8221;slide&#8221; animation_direction=&#8221;left&#8221; animation_intensity_slide=&#8221;40%&#8221; global_colors_info=&#8221;{}&#8221; custom_css_main_element_last_edited=&#8221;on|tablet&#8221; custom_css_main_element_tablet=&#8221;order: 2;&#8221; custom_css_main_element_phone=&#8221;order: 2;&#8221;][et_pb_text _builder_version=&#8221;4.27.4&#8243; _module_preset=&#8221;163da7d0-bfd7-4d30-9684-fcf7dbc101d4&#8243; text_orientation=&#8221;left&#8221; text_orientation_phone=&#8221;left&#8221; global_colors_info=&#8221;{}&#8221;]<\/p>\n<h3>Aplikacja NocksApp<\/h3>\n<p>&nbsp;<\/p>\n<p>NocksCrew zrzesza pracownik\u00f3w, praktykant\u00f3w i sta\u017cyst\u00f3w z firm cz\u0142onkowskich Best Employer w regionie Millst\u00e4tter See - Bad Kleinkirchheim - Nockberge.<\/p>\n<p>Ka\u017cdy, kto jest aktywny w jednej z tych firm, automatycznie staje si\u0119 jej cz\u0142onkiem.<\/p>\n<p><a href=\"https:\/\/www.seeundberg.at\/nockscrew\/nocksapp\/\" target=\"_blank\" rel=\"noopener\">Pobierz<\/a> teraz, zaloguj si\u0119 i odkryj korzy\u015bci dla spo\u0142eczno\u015bci<\/p>\n<p>[\/et_pb_text][et_pb_image src=&#8221;https:\/\/hotelzurpost.co.at\/wp-content\/uploads\/2025\/05\/line-Konvertiert-scaled.png&#8221; title_text=&#8221;linia %91Converted%93&#8243; _builder_version=&#8221;4.27.4&#8243; _module_preset=&#8221;default&#8221; global_colors_info=&#8221;{}&#8221;][\/et_pb_image][et_pb_button button_url=&#8221;https:\/\/www.seeundberg.at\/nockscrew\/&#8221; url_new_window=&#8221;on&#8221; button_text=&#8221;Wi\u0119cej informacji&#8221; button_alignment=&#8221;left&#8221; button_text_tablet=&#8221;Wi\u0119cej informacji&#8221; button_text_phone=&#8221;Wi\u0119cej informacji&#8221; button_text_last_edited=&#8221;on|desktop&#8221; button_alignment_tablet=&#8221;center&#8221; button_alignment_phone=&#8221;center&#8221; button_alignment_last_edited=&#8221;on|phone&#8221; module_class=&#8221;button-parallel&#8221; _builder_version=&#8221;4.27.4&#8243; _module_preset=&#8221;default&#8221; custom_button=&#8221;on&#8221; button_text_size=&#8221;22px&#8221; button_text_color=&#8221;#FFFFFF&#8221; button_border_width=&#8221;0px&#8221; button_border_radius=&#8221;0px&#8221; button_letter_spacing=&#8221;0px&#8221; button_font=&#8221;-et_global_heading_font|700||on|||||&#8221; button_on_hover=&#8221;off&#8221; custom_margin=&#8221;||8px||false|true&#8221; custom_margin_tablet=&#8221;||65px||false|true&#8221; custom_margin_phone=&#8221;|50px|0px|50px|false|true&#8221; custom_margin_last_edited=&#8221;on|tablet&#8221; custom_padding=&#8221;|40px||40px|false|true&#8221; custom_padding_tablet=&#8221;|40px||40px|false|true&#8221; custom_padding_phone=&#8221;|25px||25px|false|true&#8221; custom_padding_last_edited=&#8221;on|phone&#8221; animation_style=&#8221;fade&#8221; button_text_size_tablet=&#8221;22px&#8221; button_text_size_phone=&#8221;18px&#8221; button_text_size_last_edited=&#8221;on|phone&#8221; custom_css_before=&#8221; display: block;||     opacity: 1;||     content: &#8221;;||     position: absolute;||     width: 100%;||     height: 100%;||     background: #007589; \/* Wunschfarbe anpassen *\/||     transform: skew(30deg); \/* Winkel f\u00fcr Parallelogramm *\/||     top: 0;||     right: 0;||     z-index: -1;||     &#8221; global_colors_info=&#8221;{%22gcid-22a908cf-4fcb-470e-9fdb-218ba199538f%22:%91%22box_shadow_color%22,%22button_text_color__hover%22%93}&#8221; button_bg_color__hover_enabled=&#8221;off|hover&#8221; button_bg_enable_color__hover=&#8221;on&#8221; button_text_color__hover_enabled=&#8221;on|desktop&#8221; button_text_color__hover=&#8221;#007589&#8243; custom_css_before__hover_enabled=&#8221;on|desktop&#8221; custom_css_before__hover=&#8221;background: #f9af26;&#8221;][\/et_pb_button][\/et_pb_column][\/et_pb_row][\/et_pb_section]<\/p>\n","protected":false},"excerpt":{"rendered":"<p>Witamy w NocksCrew NocksCrew to spo\u0142eczno\u015b\u0107 wok\u00f3\u0142 jeziora Millstatt, Bad Kleinkirchheim i g\u00f3r Nockberge - dla ka\u017cdego, kto pracuje, uczy si\u0119 lub odbywa sta\u017c w regionie. Oferuje ekscytuj\u0105ce mo\u017cliwo\u015bci rozwoju osobistego, cenne korzy\u015bci i wiele okazji do lepszego poznaniaregionu i spo\u0142eczno\u015bci. Korzy\u015bci dla cz\u0142onk\u00f3wJako cz\u0142onek korzystasz z ekskluzywnych ofert i us\u0142ug:NocksCard: Twoja cyfrowa karta korzy\u015bci w aplikacji NocksApp ze zni\u017ckami i promocjami w ponad 100 regionalnych firmach partnerskich.NocksApp: Wszystkie informacje, wiadomo\u015bci i wskaz\u00f3wki dotycz\u0105ce wydarze\u0144 w skr\u00f3cie. Dost\u0119p do mikroszkole\u0144, dokument\u00f3w i cyfrowej karty NocksCard. Wydarzenia spo\u0142eczno\u015bciowe: Wsp\u00f3lne dzia\u0142ania, wydarzenia i dalsze szkolenia wzmacniaj\u0105 ducha zespo\u0142u i pozwalaj\u0105 lepiej pozna\u0107 region.Jak zosta\u0107 cz\u0119\u015bci\u0105 NocksCrewAplikacja NocksApp &nbsp; NocksCrew zrzesza pracownik\u00f3w, praktykant\u00f3w i sta\u017cyst\u00f3w z firm cz\u0142onkowskich Best Employer w regionie Millst\u00e4tter See - Bad Kleinkirchheim - Nockberge. Ka\u017cdy, kto jest aktywny w jednej z tych firm, automatycznie staje si\u0119 jej cz\u0142onkiem. Pobierz teraz, zaloguj si\u0119 i odkryj korzy\u015bci dla spo\u0142eczno\u015bci<\/p>\n","protected":false},"author":2,"featured_media":0,"parent":0,"menu_order":0,"comment_status":"closed","ping_status":"closed","template":"","meta":{"_et_pb_use_builder":"on","_et_pb_old_content":"","_et_gb_content_width":"","footnotes":""},"class_list":["post-27372","page","type-page","status-publish","hentry"],"_links":{"self":[{"href":"https:\/\/hotelzurpost.co.at\/pl\/wp-json\/wp\/v2\/pages\/27372","targetHints":{"allow":["GET"]}}],"collection":[{"href":"https:\/\/hotelzurpost.co.at\/pl\/wp-json\/wp\/v2\/pages"}],"about":[{"href":"https:\/\/hotelzurpost.co.at\/pl\/wp-json\/wp\/v2\/types\/page"}],"author":[{"embeddable":true,"href":"https:\/\/hotelzurpost.co.at\/pl\/wp-json\/wp\/v2\/users\/2"}],"replies":[{"embeddable":true,"href":"https:\/\/hotelzurpost.co.at\/pl\/wp-json\/wp\/v2\/comments?post=27372"}],"version-history":[{"count":5,"href":"https:\/\/hotelzurpost.co.at\/pl\/wp-json\/wp\/v2\/pages\/27372\/revisions"}],"predecessor-version":[{"id":27393,"href":"https:\/\/hotelzurpost.co.at\/pl\/wp-json\/wp\/v2\/pages\/27372\/revisions\/27393"}],"wp:attachment":[{"href":"https:\/\/hotelzurpost.co.at\/pl\/wp-json\/wp\/v2\/media?parent=27372"}],"curies":[{"name":"wp","href":"https:\/\/api.w.org\/{rel}","templated":true}]}}