{"id":27342,"date":"2025-08-22T08:53:12","date_gmt":"2025-08-22T06:53:12","guid":{"rendered":"https:\/\/hotelzurpost.co.at\/rodzinne-wakacje\/"},"modified":"2026-01-26T14:16:27","modified_gmt":"2026-01-26T12:16:27","slug":"rodzinne-wakacje","status":"publish","type":"page","link":"https:\/\/hotelzurpost.co.at\/pl\/rodzinne-wakacje\/","title":{"rendered":"Rodzinne wakacje"},"content":{"rendered":"<p>[et_pb_section fb_built=&#8221;1&#8243; custom_padding_last_edited=&#8221;on|desktop&#8221; _builder_version=&#8221;4.27.4&#8243; _module_preset=&#8221;default&#8221; background_enable_color=&#8221;off&#8221; use_background_color_gradient=&#8221;on&#8221; background_color_gradient_stops=&#8221;#ffffff 79%|rgba(58,58,59,0.6) 100%&#8221; background_image=&#8221;https:\/\/hotelzurpost.co.at\/wp-content\/uploads\/2025\/09\/Post-Skriptum-277-von-612.jpg&#8221; background_position=&#8221;bottom_center&#8221; background_vertical_offset=&#8221;55%&#8221; background_blend=&#8221;multiply&#8221; width=&#8221;100%&#8221; height=&#8221;730px&#8221; height_tablet=&#8221;370px&#8221; height_phone=&#8221;240px&#8221; height_last_edited=&#8221;on|phone&#8221; custom_padding=&#8221;||0px||false|false&#8221; custom_padding_tablet=&#8221;|||0px|false|false&#8221; custom_padding_phone=&#8221;50px||0px|0px|false|false&#8221; background_last_edited=&#8221;on|tablet&#8221; use_background_color_gradient_tablet=&#8221;on&#8221; background_color_gradient_stops_tablet=&#8221;#ffffff 55%|rgba(58,58,59,0.6) 69%&#8221; global_colors_info=&#8221;{}&#8221;][\/et_pb_section][et_pb_section fb_built=&#8221;1&#8243; _builder_version=&#8221;4.27.4&#8243; _module_preset=&#8221;default&#8221; background_color=&#8221;rgba(0,117,137,0.1)&#8221; custom_padding=&#8221;0px||0px||false|false&#8221; global_colors_info=&#8221;{}&#8221;][et_pb_row _builder_version=&#8221;4.27.4&#8243; _module_preset=&#8221;default&#8221; background_color=&#8221;gcid-22a908cf-4fcb-470e-9fdb-218ba199538f&#8221; width=&#8221;100%&#8221; max_width=&#8221;100%&#8221; custom_padding=&#8221;29px||19px|||&#8221; global_colors_info=&#8221;{%22gcid-22a908cf-4fcb-470e-9fdb-218ba199538f%22:%91%22background_color%22%93}&#8221;][et_pb_column type=&#8221;4_4&#8243; _builder_version=&#8221;4.27.4&#8243; _module_preset=&#8221;default&#8221; global_colors_info=&#8221;{}&#8221;][et_pb_text _builder_version=&#8221;4.27.4&#8243; _module_preset=&#8221;1b9ff88c-8403-4761-a812-f191bbcf616b&#8221; global_colors_info=&#8221;{}&#8221;]<\/p>\n<h1>Rodzinne wakacje nad jeziorem Millstatt<\/h1>\n<p>[\/et_pb_text][\/et_pb_column][\/et_pb_row][et_pb_row _builder_version=&#8221;4.27.4&#8243; _module_preset=&#8221;default&#8221; background_enable_color=&#8221;off&#8221; width=&#8221;85%&#8221; max_width=&#8221;100%&#8221; custom_padding=&#8221;30px||30px||true|&#8221; hover_enabled=&#8221;0&#8243; global_colors_info=&#8221;{}&#8221; sticky_enabled=&#8221;0&#8243;][et_pb_column type=&#8221;4_4&#8243; _builder_version=&#8221;4.27.4&#8243; _module_preset=&#8221;default&#8221; global_colors_info=&#8221;{}&#8221;][et_pb_text _builder_version=&#8221;4.27.4&#8243; _module_preset=&#8221;3263c9d5-3722-4752-ba0d-65081f7aca6e&#8221; width=&#8221;90%&#8221; module_alignment=&#8221;center&#8221; custom_padding=&#8221;||12px|0px|false|false&#8221; global_colors_info=&#8221;{}&#8221;]<\/p>\n<h2>Poniewa\u017c b\u0142yszcz\u0105ce oczy dzieci to najlepszy <br \/>moment na wakacje<\/h2>\n<p>[\/et_pb_text][et_pb_text _builder_version=&#8221;4.27.4&#8243; _module_preset=&#8221;84304942-4737-4169-92ab-4f437c0ed3a4&#8243; width=&#8221;70%&#8221; global_colors_info=&#8221;{}&#8221; custom_padding_phone=&#8221;|0px||0px|false|true&#8221;]<\/p>\n<p>Jako <strong>hotel rodzinny<\/strong>, dobre samopoczucie naszych najm\u0142odszych go\u015bci jest dla nas szczeg\u00f3lnie wa\u017cne. Od pi\u0119knie zaprojektowanego <strong>pokoju zabaw ze zje\u017cd\u017calni\u0105<\/strong>, kt\u00f3ry prowadzi bezpo\u015brednio do <strong>ogrodu<\/strong>, po przestronny <strong>plac zabaw na \u015bwie\u017cym<\/strong> powietrzu - dzieci od razu czuj\u0105 si\u0119 tutaj jak w domu. Starsze dzieci s\u0105 r\u00f3wnie\u017c dobrze przygotowane z konsolami do gier i przytulnymi zaciszami. Tak wi\u0119c dzieci mog\u0105 cieszy\u0107 si\u0119 wakacjami tak, jak chc\u0105 - a rodzice mog\u0105 si\u0119 zrelaksowa\u0107 i w pe\u0142ni cieszy\u0107 si\u0119 czasem sp\u0119dzonym nad jeziorem Millstatt.   <\/p>\n<p>[\/et_pb_text][\/et_pb_column][\/et_pb_row][et_pb_row use_custom_gutter=&#8221;on&#8221; gutter_width=&#8221;2&#8243; make_equal=&#8221;on&#8221; custom_padding_last_edited=&#8221;on|tablet&#8221; module_id=&#8221;auto&#8221; _builder_version=&#8221;4.27.4&#8243; _module_preset=&#8221;default&#8221; width=&#8221;85%&#8221; max_width=&#8221;100%&#8221; custom_padding=&#8221;0px||30px|||&#8221; custom_padding_tablet=&#8221;0px||0px||false|false&#8221; custom_padding_phone=&#8221;0px||0px||false|false&#8221; global_colors_info=&#8221;{}&#8221; custom_css_main_element_last_edited=&#8221;on|tablet&#8221; custom_css_main_element_tablet=&#8221;display: flex;||flex-wrap: wrap;&#8221; custom_css_main_element_phone=&#8221;display: flex;||flex-wrap: wrap;&#8221;][et_pb_column type=&#8221;4_4&#8243; _builder_version=&#8221;4.27.4&#8243; _module_preset=&#8221;default&#8221; background_enable_image=&#8221;off&#8221; background_size=&#8221;stretch&#8221; custom_padding_tablet=&#8221;&#8221; custom_padding_phone=&#8221;&#8221; custom_padding_last_edited=&#8221;on|phone&#8221; animation_style=&#8221;slide&#8221; animation_direction=&#8221;right&#8221; animation_intensity_slide=&#8221;40%&#8221; global_colors_info=&#8221;{}&#8221; custom_css_main_element_last_edited=&#8221;on|tablet&#8221; custom_css_main_element_tablet=&#8221;order: 2;&#8221; custom_css_main_element_phone=&#8221;order: 2;&#8221;][et_pb_code _builder_version=&#8221;4.27.4&#8243; _module_preset=&#8221;default&#8221; global_colors_info=&#8221;{}&#8221;]<!-- [et_pb_line_break_holder] --><!-- [et_pb_line_break_holder] --><!-- [et_pb_line_break_holder] -->    <meta charset=\"UTF-8\"><!-- [et_pb_line_break_holder] -->    <meta name=\" \" content=\"width=device-width, initial-scale=1.0\"><!-- [et_pb_line_break_holder] -->    <title>Dokument<\/title><!-- [et_pb_line_break_holder] --><!-- [et_pb_line_break_holder] --><!-- [et_pb_line_break_holder] -->        <\/p>\n<div id=\"gt1\" style=\"\u201cdisplay:block;\" width:100=\"\"><\/div>\n<p><!-- [et_pb_line_break_holder] -->        <\/p>\n<div id=\"root\" style=\"\u201cdisplay:block;\" width:100=\"\"><\/div>\n<p><!-- [et_pb_line_break_holder] -->       <script viewport=\"\" src=\"https:\/\/widget.giggle.tips\/widget.js?id=gt1&amp;path=hotelzurpost&amp;width=100%&amp;fontCol=A2B8D6&amp;btCol=A2B8D6&amp;font=Montserrat&amp;lang=de&amp;streams=fea354ef-eaeb-42a8-8cd9-236c6789680e\"><\/script><!-- [et_pb_line_break_holder] --><!-- [et_pb_line_break_holder] -->[\/et_pb_code][et_pb_code _builder_version=&#8221;4.27.4&#8243; _module_preset=&#8221;default&#8221; global_colors_info=&#8221;{}&#8221;]<!-- [et_pb_line_break_holder] --><!-- [et_pb_line_break_holder] --><!-- [et_pb_line_break_holder] -->    <meta charset=\"UTF-8\"><!-- [et_pb_line_break_holder] -->    <meta name=\" \" content=\"width=device-width, initial-scale=1.0\"><!-- [et_pb_line_break_holder] -->    <title>Dokument<\/title><!-- [et_pb_line_break_holder] --><!-- [et_pb_line_break_holder] --><!-- [et_pb_line_break_holder] -->        <\/p>\n<div id=\"gt1\" style=\"\u201cdisplay:block;\" width:100=\"\"><\/div>\n<p><!-- [et_pb_line_break_holder] -->        <\/p>\n<div id=\"root\" style=\"\u201cdisplay:block;\" width:100=\"\"><\/div>\n<p><!-- [et_pb_line_break_holder] -->       <script viewport=\"\" src=\"https:\/\/widget.giggle.tips\/widget.js?id=gt1&amp;path=hotelzurpost&amp;width=100%&amp;fontCol=A2B8D6&amp;btCol=A2B8D6&amp;font=Montserrat&amp;lang=de&amp;streams=3738be7c-032a-4caf-9780-ee9efc1726df\"><\/script><!-- [et_pb_line_break_holder] --><!-- [et_pb_line_break_holder] -->[\/et_pb_code][\/et_pb_column][\/et_pb_row][et_pb_row custom_padding_last_edited=&#8221;on|phone&#8221; disabled_on=&#8221;off|off|off&#8221; _builder_version=&#8221;4.27.4&#8243; _module_preset=&#8221;default&#8221; width=&#8221;100%&#8221; max_width=&#8221;100%&#8221; custom_padding=&#8221;50px||50px||true|false&#8221; custom_padding_tablet=&#8221;50px||30px||false|false&#8221; custom_padding_phone=&#8221;||20px||false|false&#8221; background_enable_image_phone=&#8221;off&#8221; global_colors_info=&#8221;{}&#8221;][et_pb_column type=&#8221;4_4&#8243; _builder_version=&#8221;4.27.4&#8243; _module_preset=&#8221;default&#8221; global_colors_info=&#8221;{}&#8221;][et_pb_image src=&#8221;https:\/\/hotelzurpost.co.at\/wp-content\/uploads\/2025\/05\/line-Konvertiert-scaled.png&#8221; title_text=&#8221;125447&#8243; src_tablet=&#8221;https:\/\/hotelzurpost.co.at\/wp-content\/uploads\/2025\/05\/line-Konvertiert-scaled.png&#8221; src_phone=&#8221;https:\/\/hotelzurpost.co.at\/wp-content\/uploads\/2025\/05\/125447.png&#8221; src_last_edited=&#8221;on|phone&#8221; _builder_version=&#8221;4.27.4&#8243; _module_preset=&#8221;default&#8221; global_colors_info=&#8221;{}&#8221;][\/et_pb_image][\/et_pb_column][\/et_pb_row][\/et_pb_section][et_pb_section fb_built=&#8221;1&#8243; _builder_version=&#8221;4.27.4&#8243; _module_preset=&#8221;default&#8221; background_size=&#8221;contain&#8221; background_position=&#8221;bottom_center&#8221; background_vertical_offset=&#8221;94%&#8221; background_blend=&#8221;multiply&#8221; custom_padding=&#8221;0px||0px||false|false&#8221; global_colors_info=&#8221;{}&#8221;][et_pb_row custom_padding_last_edited=&#8221;on|phone&#8221; _builder_version=&#8221;4.27.4&#8243; _module_preset=&#8221;default&#8221; max_width=&#8221;100%&#8221; custom_padding=&#8221;80px||80px||true|false&#8221; custom_padding_tablet=&#8221;6%||6%||true|false&#8221; custom_padding_phone=&#8221;10%||4%||false|false&#8221; global_colors_info=&#8221;{}&#8221;][et_pb_column type=&#8221;4_4&#8243; _builder_version=&#8221;4.27.4&#8243; _module_preset=&#8221;default&#8221; global_colors_info=&#8221;{}&#8221;][et_pb_text content_tablet=&#8221;<\/p>\n<h2>Zabawa, gry i przygoda dla dzieci i nastolatk\u00f3w<\/h2>\n<p>&#8221; content_phone=&#8221;<\/p>\n<h2>Zabawa, gry i przygoda dla dzieci i nastolatk\u00f3w<\/h2>\n<p>&#8221; content_last_edited=&#8221;on|phone&#8221; _builder_version=&#8221;4.27.4&#8243; _module_preset=&#8221;a1808a1a-ade9-426a-a800-951d56873e9e&#8221; text_font_size=&#8221;70px&#8221; text_line_height=&#8221;1em&#8221; custom_padding=&#8221;||0px|||&#8221; text_font_size_tablet=&#8221;70px&#8221; text_font_size_phone=&#8221;39px&#8221; text_font_size_last_edited=&#8221;on|phone&#8221; global_colors_info=&#8221;{}&#8221; text_font_size__hover_enabled=&#8221;on|desktop&#8221; text_font_size__hover=&#8221;70px&#8221;]<\/p>\n<h2>Zabawa, gry i przygoda dla dzieci i nastolatk\u00f3w<\/h2>\n<p>[\/et_pb_text][\/et_pb_column][\/et_pb_row][et_pb_row column_structure=&#8221;2_5,3_5&#8243; use_custom_gutter=&#8221;on&#8221; gutter_width=&#8221;2&#8243; make_equal=&#8221;on&#8221; custom_padding_last_edited=&#8221;on|tablet&#8221; module_id=&#8221;bahn&#8221; _builder_version=&#8221;4.27.4&#8243; _module_preset=&#8221;default&#8221; width=&#8221;85%&#8221; max_width=&#8221;100%&#8221; custom_padding=&#8221;0px||90px|||&#8221; custom_padding_tablet=&#8221;0px||0px||false|false&#8221; custom_padding_phone=&#8221;0px||0px||false|false&#8221; global_colors_info=&#8221;{}&#8221; custom_css_main_element_last_edited=&#8221;on|tablet&#8221; custom_css_main_element_tablet=&#8221;display: flex;||flex-wrap: wrap;&#8221; custom_css_main_element_phone=&#8221;display: flex;||flex-wrap: wrap;&#8221;][et_pb_column type=&#8221;2_5&#8243; _builder_version=&#8221;4.27.4&#8243; _module_preset=&#8221;default&#8221; background_enable_image=&#8221;off&#8221; custom_padding_tablet=&#8221;&#8221; custom_padding_phone=&#8221;&#8221; custom_padding_last_edited=&#8221;on|desktop&#8221; animation_style=&#8221;fade&#8221; border_radii=&#8221;on|25px|25px|25px|25px&#8221; global_colors_info=&#8221;{%22gcid-b0af9cbb-8993-4995-81b0-ff5a8347cb53%22:%91%22box_shadow_color%22%93}&#8221;][et_pb_gallery gallery_ids=&#8221;27343,27344,27345,27346&#8243; fullwidth=&#8221;on&#8221; _builder_version=&#8221;4.27.4&#8243; _module_preset=&#8221;default&#8221; auto=&#8221;on&#8221; auto_speed=&#8221;5000&#8243; border_radii=&#8221;on|30px|30px|30px|30px&#8221; global_colors_info=&#8221;{}&#8221;][\/et_pb_gallery][\/et_pb_column][et_pb_column type=&#8221;3_5&#8243; _builder_version=&#8221;4.27.4&#8243; _module_preset=&#8221;default&#8221; background_enable_image=&#8221;off&#8221; background_size=&#8221;stretch&#8221; custom_padding=&#8221;140px||140px||true|false&#8221; custom_padding_tablet=&#8221;30px||100px||false|false&#8221; custom_padding_phone=&#8221;30px||100px||false|false&#8221; custom_padding_last_edited=&#8221;on|phone&#8221; animation_style=&#8221;slide&#8221; animation_direction=&#8221;left&#8221; animation_intensity_slide=&#8221;40%&#8221; global_colors_info=&#8221;{}&#8221; custom_css_main_element_last_edited=&#8221;on|tablet&#8221; custom_css_main_element_tablet=&#8221;order: 2;&#8221; custom_css_main_element_phone=&#8221;order: 2;&#8221;][et_pb_text _builder_version=&#8221;4.27.4&#8243; _module_preset=&#8221;163da7d0-bfd7-4d30-9684-fcf7dbc101d4&#8243; text_orientation=&#8221;left&#8221; text_orientation_phone=&#8221;left&#8221; global_colors_info=&#8221;{}&#8221;]<\/p>\n<h3>Zje\u017cd\u017canie, wspinanie si\u0119, szale\u0144stwo - tutaj zawsze co\u015b si\u0119 dzieje!<\/h3>\n<p>&nbsp;<\/p>\n<p>W kolorowym <strong>pokoju zabaw<\/strong> w hotelu zur Post czekaj\u0105 nowi przyjaciele i mn\u00f3stwo <strong>zabawy<\/strong>. <strong>Zje\u017cd\u017calnia<\/strong> prowadzi <strong>prosto<\/strong> na du\u017cy <strong>plac zabaw<\/strong>, gdzie mo\u017cna budowa\u0107 zamki w piaskownicy, lata\u0107 w przestworzach na hu\u015btawkach lub popisywa\u0107 si\u0119 si\u0142\u0105 na drabince. Nasz nowy park umiej\u0119tno\u015bci motorycznych jest idealny, aby naprawd\u0119 si\u0119 wy\u0142adowa\u0107. Nuda? Gwarantujemy, \u017ce tutaj si\u0119 nie zdarzy!    <\/p>\n<p>[\/et_pb_text][et_pb_image src=&#8221;https:\/\/hotelzurpost.co.at\/wp-content\/uploads\/2025\/05\/line-Konvertiert-scaled.png&#8221; title_text=&#8221;linia %91Converted%93&#8243; _builder_version=&#8221;4.27.4&#8243; _module_preset=&#8221;default&#8221; global_colors_info=&#8221;{}&#8221;][\/et_pb_image][\/et_pb_column][\/et_pb_row][et_pb_row column_structure=&#8221;3_5,2_5&#8243; use_custom_gutter=&#8221;on&#8221; gutter_width=&#8221;2&#8243; make_equal=&#8221;on&#8221; custom_padding_last_edited=&#8221;on|tablet&#8221; module_id=&#8221;flugzeug&#8221; _builder_version=&#8221;4.27.4&#8243; _module_preset=&#8221;default&#8221; width=&#8221;85%&#8221; max_width=&#8221;100%&#8221; custom_padding=&#8221;0px||0px|||&#8221; custom_padding_tablet=&#8221;0px||70px||false|false&#8221; custom_padding_phone=&#8221;0px||0px||false|false&#8221; global_colors_info=&#8221;{}&#8221; custom_css_main_element_last_edited=&#8221;on|tablet&#8221; custom_css_main_element_tablet=&#8221;display: flex;||flex-wrap: wrap;&#8221; custom_css_main_element_phone=&#8221;display: flex;||flex-wrap: wrap;&#8221;][et_pb_column type=&#8221;3_5&#8243; _builder_version=&#8221;4.27.4&#8243; _module_preset=&#8221;default&#8221; background_enable_image=&#8221;off&#8221; background_size=&#8221;stretch&#8221; custom_padding=&#8221;105px||105px||true|false&#8221; custom_padding_tablet=&#8221;50px||0px||false|false&#8221; custom_padding_phone=&#8221;50px||60px||false|false&#8221; custom_padding_last_edited=&#8221;on|phone&#8221; animation_style=&#8221;slide&#8221; animation_direction=&#8221;right&#8221; animation_intensity_slide=&#8221;40%&#8221; global_colors_info=&#8221;{}&#8221; custom_css_main_element_last_edited=&#8221;on|tablet&#8221; custom_css_main_element_tablet=&#8221;order: 2;&#8221; custom_css_main_element_phone=&#8221;order: 2;&#8221;][et_pb_text _builder_version=&#8221;4.27.4&#8243; _module_preset=&#8221;163da7d0-bfd7-4d30-9684-fcf7dbc101d4&#8243; global_colors_info=&#8221;{}&#8221;]<\/p>\n<h3>Ka\u017cdy dzie\u0144 przynosi now\u0105 przygod\u0119!<\/h3>\n<p>&nbsp;<\/p>\n<p>Gwarantujemy, \u017ce w Hotelu zur Post nie b\u0119dzie nudno - poniewa\u017c nasz program aktywno\u015bci zapewnia, \u017ce go\u015bcie w ka\u017cdym wieku do\u015bwiadczaj\u0105 czego\u015b nowego ka\u017cdego dnia. Czasami sportowo, czasami kreatywnie, czasami zabawnie - w ten spos\u00f3b wakacje s\u0105 zabawne dla ka\u017cdego! <\/p>\n<p><strong>Twoje wakacje mog\u0105 wygl\u0105da\u0107 nast\u0119puj\u0105co:<\/strong><\/p>\n<p><strong>Poniedzia\u0142ek<br \/>\n<\/strong> 9<strong>.00:<\/strong> Rodzinna w\u0119dr\u00f3wka z przewodnikiem Ev\u0105<br \/>\n<strong>10.00:<\/strong> Wyprawa po karbunku\u0142y w Granatium - poszukiwanie skarb\u00f3w!<\/p>\n<p><strong>Wtorek<\/strong><br \/>\n<strong>10.00:<\/strong> Kurs wprowadzaj\u0105cy do wios\u0142owania na stoj\u0105co na jeziorze Millstatt<br \/>\n<strong>19.00:<\/strong> Kolorowy targ w D\u00f6briach z muzyk\u0105 na \u017cywo, Hupfburgiem i wypo\u017cyczalni\u0105 \u0142y\u017cew<\/p>\n<p><strong>\u015aroda<\/strong><br \/>\n<strong>9:00:<\/strong> Objazdowe zoo przyje\u017cd\u017ca bezpo\u015brednio do naszego hotelu<strong>.<\/strong><br \/>\n<strong>17:30:<\/strong> Impreza taneczna na pla\u017cy (dla dzieci w wieku od 6 lat)<\/p>\n<p><strong>Czwartek<\/strong><br \/>\n<strong>9:00:<\/strong> Trening techniki jazdy dla dzieci w wieku od 6 do 12 lat z przewodnikiem rowerowym Christophem<br \/>\n<strong>10.00:<\/strong> W\u0119dr\u00f3wka z przewodnikiem po legendach i opowie\u015bciach dla ca\u0142ej rodziny (start: Sagamundo D\u00f6briach)[\/et_pb_text][et_pb_image src=&#8221;https:\/\/hotelzurpost.co.at\/wp-content\/uploads\/2025\/05\/line-Konvertiert-scaled.png&#8221; title_text=&#8221;linia %91Converted%93&#8243; _builder_version=&#8221;4.27.4&#8243; _module_preset=&#8221;default&#8221; global_colors_info=&#8221;{}&#8221;][\/et_pb_image][\/et_pb_column][et_pb_column type=&#8221;2_5&#8243; _builder_version=&#8221;4.27.4&#8243; _module_preset=&#8221;default&#8221; background_image=&#8221;https:\/\/hotelzurpost.co.at\/wp-content\/uploads\/2025\/08\/Post-Skriptum-37-von-612.jpg&#8221; background_position=&#8221;bottom_left&#8221; custom_padding=&#8221;190px||190px||true|false&#8221; custom_padding_tablet=&#8221;200px||200px||false|false&#8221; custom_padding_phone=&#8221;110px||110px||true|false&#8221; custom_padding_last_edited=&#8221;on|phone&#8221; animation_style=&#8221;fade&#8221; border_radii=&#8221;on|25px|25px|25px|25px&#8221; global_colors_info=&#8221;{%22gcid-b0af9cbb-8993-4995-81b0-ff5a8347cb53%22:%91%22box_shadow_color%22%93}&#8221;][et_pb_divider show_divider=&#8221;off&#8221; _builder_version=&#8221;4.27.4&#8243; _module_preset=&#8221;default&#8221; global_colors_info=&#8221;{}&#8221;][\/et_pb_divider][\/et_pb_column][\/et_pb_row][\/et_pb_section]<\/p>\n","protected":false},"excerpt":{"rendered":"<p>Rodzinne wakacje nad jeziorem MillstattPoniewa\u017c b\u0142yszcz\u0105ce oczy dzieci to najlepszy moment na wakacjeJako hotel rodzinny, dobre samopoczucie naszych najm\u0142odszych go\u015bci jest dla nas szczeg\u00f3lnie wa\u017cne. Od pi\u0119knie zaprojektowanego pokoju zabaw ze zje\u017cd\u017calni\u0105, kt\u00f3ry prowadzi bezpo\u015brednio do ogrodu, po przestronny plac zabaw na \u015bwie\u017cym powietrzu - dzieci od razu czuj\u0105 si\u0119 tutaj jak w domu. Starsze dzieci s\u0105 r\u00f3wnie\u017c dobrze przygotowane z konsolami do gier i przytulnymi zaciszami. Tak wi\u0119c dzieci mog\u0105 cieszy\u0107 si\u0119 wakacjami tak, jak chc\u0105 - a rodzice mog\u0105 si\u0119 zrelaksowa\u0107 i w pe\u0142ni cieszy\u0107 si\u0119 czasem sp\u0119dzonym nad jeziorem Millstatt. Zabawa, gry i przygoda dla dzieci i nastolatk\u00f3wZje\u017cd\u017canie, wspinanie si\u0119, szale\u0144stwo - tutaj zawsze co\u015b si\u0119 dzieje! &nbsp; W kolorowym pokoju zabaw w hotelu zur Post czekaj\u0105 nowi przyjaciele i mn\u00f3stwo zabawy. Zje\u017cd\u017calnia prowadzi prosto na du\u017cy plac zabaw, gdzie mo\u017cna budowa\u0107 zamki w piaskownicy, lata\u0107 w przestworzach na hu\u015btawkach lub popisywa\u0107 si\u0119 si\u0142\u0105 na drabince. Nasz nowy park umiej\u0119tno\u015bci motorycznych jest idealny, aby naprawd\u0119 si\u0119 wy\u0142adowa\u0107. Nuda? Gwarantujemy, \u017ce tutaj si\u0119 nie zdarzy! Ka\u017cdy dzie\u0144 przynosi now\u0105 przygod\u0119! &nbsp; Gwarantujemy, \u017ce w Hotelu zur Post nie b\u0119dzie nudno - poniewa\u017c nasz program aktywno\u015bci zapewnia, \u017ce go\u015bcie w ka\u017cdym wieku do\u015bwiadczaj\u0105 czego\u015b nowego ka\u017cdego dnia. Czasami sportowo, [&hellip;]<\/p>\n","protected":false},"author":2,"featured_media":0,"parent":0,"menu_order":0,"comment_status":"closed","ping_status":"closed","template":"","meta":{"_et_pb_use_builder":"on","_et_pb_old_content":"","_et_gb_content_width":"","footnotes":""},"class_list":["post-27342","page","type-page","status-publish","hentry"],"_links":{"self":[{"href":"https:\/\/hotelzurpost.co.at\/pl\/wp-json\/wp\/v2\/pages\/27342","targetHints":{"allow":["GET"]}}],"collection":[{"href":"https:\/\/hotelzurpost.co.at\/pl\/wp-json\/wp\/v2\/pages"}],"about":[{"href":"https:\/\/hotelzurpost.co.at\/pl\/wp-json\/wp\/v2\/types\/page"}],"author":[{"embeddable":true,"href":"https:\/\/hotelzurpost.co.at\/pl\/wp-json\/wp\/v2\/users\/2"}],"replies":[{"embeddable":true,"href":"https:\/\/hotelzurpost.co.at\/pl\/wp-json\/wp\/v2\/comments?post=27342"}],"version-history":[{"count":3,"href":"https:\/\/hotelzurpost.co.at\/pl\/wp-json\/wp\/v2\/pages\/27342\/revisions"}],"predecessor-version":[{"id":27352,"href":"https:\/\/hotelzurpost.co.at\/pl\/wp-json\/wp\/v2\/pages\/27342\/revisions\/27352"}],"wp:attachment":[{"href":"https:\/\/hotelzurpost.co.at\/pl\/wp-json\/wp\/v2\/media?parent=27342"}],"curies":[{"name":"wp","href":"https:\/\/api.w.org\/{rel}","templated":true}]}}