{"id":27287,"date":"2025-07-30T08:50:32","date_gmt":"2025-07-30T06:50:32","guid":{"rendered":"https:\/\/hotelzurpost.co.at\/historia-i-filozofia\/"},"modified":"2026-01-26T14:16:19","modified_gmt":"2026-01-26T12:16:19","slug":"historia-i-filozofia","status":"publish","type":"page","link":"https:\/\/hotelzurpost.co.at\/pl\/historia-i-filozofia\/","title":{"rendered":"Historia i filozofia"},"content":{"rendered":"<p>[et_pb_section fb_built=&#8221;1&#8243; custom_padding_last_edited=&#8221;on|desktop&#8221; _builder_version=&#8221;4.27.4&#8243; _module_preset=&#8221;default&#8221; background_enable_color=&#8221;off&#8221; use_background_color_gradient=&#8221;on&#8221; background_color_gradient_stops=&#8221;#ffffff 79%|rgba(58,58,59,0.6) 100%&#8221; background_image=&#8221;https:\/\/hotelzurpost.co.at\/wp-content\/uploads\/2025\/07\/Post-Skriptum-527-von-612.jpg&#8221; background_position=&#8221;bottom_center&#8221; background_vertical_offset=&#8221;50%&#8221; background_blend=&#8221;multiply&#8221; width=&#8221;100%&#8221; height=&#8221;730px&#8221; height_tablet=&#8221;370px&#8221; height_phone=&#8221;240px&#8221; height_last_edited=&#8221;on|phone&#8221; custom_padding=&#8221;||0px||false|false&#8221; custom_padding_tablet=&#8221;|||0px|false|false&#8221; custom_padding_phone=&#8221;50px||0px|0px|false|false&#8221; background_last_edited=&#8221;on|tablet&#8221; use_background_color_gradient_tablet=&#8221;on&#8221; background_color_gradient_stops_tablet=&#8221;#ffffff 55%|rgba(58,58,59,0.6) 69%&#8221; global_colors_info=&#8221;{}&#8221;][\/et_pb_section][et_pb_section fb_built=&#8221;1&#8243; _builder_version=&#8221;4.27.4&#8243; _module_preset=&#8221;default&#8221; background_color=&#8221;rgba(0,117,137,0.1)&#8221; custom_padding=&#8221;0px||0px||false|false&#8221; global_colors_info=&#8221;{}&#8221;][et_pb_row _builder_version=&#8221;4.27.4&#8243; _module_preset=&#8221;default&#8221; background_color=&#8221;gcid-22a908cf-4fcb-470e-9fdb-218ba199538f&#8221; width=&#8221;100%&#8221; max_width=&#8221;100%&#8221; custom_padding=&#8221;29px||19px|||&#8221; global_colors_info=&#8221;{%22gcid-22a908cf-4fcb-470e-9fdb-218ba199538f%22:%91%22background_color%22%93}&#8221;][et_pb_column type=&#8221;4_4&#8243; _builder_version=&#8221;4.27.4&#8243; _module_preset=&#8221;default&#8221; global_colors_info=&#8221;{}&#8221;][et_pb_text _builder_version=&#8221;4.27.4&#8243; _module_preset=&#8221;1b9ff88c-8403-4761-a812-f191bbcf616b&#8221; global_colors_info=&#8221;{}&#8221;]<\/p>\n<h1>Go\u015bcinno\u015b\u0107 we krwi. Historia w sercu. <\/h1>\n<p>[\/et_pb_text][\/et_pb_column][\/et_pb_row][et_pb_row _builder_version=&#8221;4.27.4&#8243; _module_preset=&#8221;default&#8221; background_enable_color=&#8221;off&#8221; width=&#8221;100%&#8221; max_width=&#8221;100%&#8221; custom_padding=&#8221;||70px|||&#8221; global_colors_info=&#8221;{}&#8221;][et_pb_column type=&#8221;4_4&#8243; _builder_version=&#8221;4.27.4&#8243; _module_preset=&#8221;default&#8221; global_colors_info=&#8221;{}&#8221;][et_pb_text content_tablet=&#8221;<\/p>\n<h2>Poniewa\u017c wolimy kontynuowa\u0107 tradycj\u0119 ni\u017c j\u0105 porzuca\u0107<\/h2>\n<p>&#8221; content_phone=&#8221;<\/p>\n<h2>Poniewa\u017c wolimy kontynuowa\u0107 tradycj\u0119 ni\u017c j\u0105 porzuca\u0107<\/h2>\n<p>&#8221; content_last_edited=&#8221;on|phone&#8221; _builder_version=&#8221;4.27.4&#8243; _module_preset=&#8221;3263c9d5-3722-4752-ba0d-65081f7aca6e&#8221; custom_margin=&#8221;||30px||false|false&#8221; custom_padding_tablet=&#8221;&#8221; custom_padding_phone=&#8221;||30px||false|false&#8221; custom_padding_last_edited=&#8221;on|phone&#8221; text_font_size_tablet=&#8221;30px&#8221; global_colors_info=&#8221;{}&#8221;]<\/p>\n<h2>Poniewa\u017c wolimy kontynuowa\u0107 tradycj\u0119 ni\u017c j\u0105 porzuca\u0107<\/h2>\n<p>[\/et_pb_text][et_pb_text _builder_version=&#8221;4.27.4&#8243; _module_preset=&#8221;84304942-4737-4169-92ab-4f437c0ed3a4&#8243; global_colors_info=&#8221;{}&#8221;]<\/p>\n<p>U nas goszczenie nie jest obowi\u0105zkiem, ale <strong>pasj\u0105<\/strong> - i mo\u017cna to poczu\u0107 od pierwszego &#8222;cze\u015b\u0107&#8221; do ostatniej kawy \u015bniadaniowej.<\/p>\n<p>Wierzymy w <strong>szczere spotkania<\/strong>, <strong>ma\u0142e uwagi o du\u017cym wp\u0142ywie<\/strong> i w to, \u017ce <strong>u\u015bmiech<\/strong> w recepcji cz\u0119sto liczy si\u0119 bardziej ni\u017c jakakolwiek ocena w gwiazdkach.<\/p>\n<p>W Post nie powiniene\u015b czu\u0107 si\u0119 jak go\u015b\u0107 - ale jak <strong>cz\u0119\u015b\u0107 rodziny<\/strong>. Niezale\u017cnie od tego, czy jest to drink z Barbar\u0105, opowie\u015b\u0107 o piwniczce z winami od Paula czy wskaz\u00f3wka od Lisy: tutaj nigdy nie jest sztywno, ale zawsze ciep\u0142o. <\/p>\n<p>[\/et_pb_text][\/et_pb_column][\/et_pb_row][et_pb_row column_structure=&#8221;1_2,1_2&#8243; use_custom_gutter=&#8221;on&#8221; gutter_width=&#8221;1&#8243; _builder_version=&#8221;4.27.4&#8243; _module_preset=&#8221;default&#8221; background_enable_color=&#8221;off&#8221; width=&#8221;70%&#8221; max_width=&#8221;100%&#8221; custom_padding=&#8221;0px||0px||false|false&#8221; global_colors_info=&#8221;{}&#8221;][et_pb_column type=&#8221;1_2&#8243; _builder_version=&#8221;4.27.4&#8243; _module_preset=&#8221;default&#8221; global_colors_info=&#8221;{}&#8221;][et_pb_image src=&#8221;https:\/\/hotelzurpost.co.at\/wp-content\/uploads\/2025\/08\/HZP-restaurant.png&#8221; title_text=&#8221;HZP-restauracja&#8221; _builder_version=&#8221;4.27.4&#8243; _module_preset=&#8221;default&#8221; width=&#8221;75%&#8221; width_tablet=&#8221;75%&#8221; width_phone=&#8221;90%&#8221; width_last_edited=&#8221;on|phone&#8221; module_alignment=&#8221;center&#8221; custom_margin=&#8221;||||false|false&#8221; custom_padding=&#8221;||40px||false|false&#8221; animation_style=&#8221;slide&#8221; module_alignment_tablet=&#8221;center&#8221; module_alignment_phone=&#8221;center&#8221; module_alignment_last_edited=&#8221;on|tablet&#8221; global_colors_info=&#8221;{}&#8221;][\/et_pb_image][et_pb_button button_text=&#8221;Masz ochot\u0119 na smako\u0142yk?&#8221; button_alignment=&#8221;center&#8221; module_class=&#8221;button-parallel&#8221; _builder_version=&#8221;4.27.4&#8243; _module_preset=&#8221;default&#8221; custom_button=&#8221;on&#8221; button_text_size=&#8221;22px&#8221; button_text_color=&#8221;#FFFFFF&#8221; button_border_width=&#8221;0px&#8221; button_border_radius=&#8221;0px&#8221; button_letter_spacing=&#8221;0px&#8221; button_font=&#8221;-et_global_heading_font|700||on|||||&#8221; button_on_hover=&#8221;off&#8221; custom_margin=&#8221;||||false|false&#8221; custom_padding=&#8221;|40px||40px|false|true&#8221; animation_style=&#8221;fade&#8221; button_text_size_tablet=&#8221;22px&#8221; button_text_size_phone=&#8221;18px&#8221; button_text_size_last_edited=&#8221;on|phone&#8221; custom_css_before=&#8221; display: block;||     opacity: 1;||     content: &#8221;;||     position: absolute;||     width: 100%;||     height: 100%;||     background: #007589; \/* Wunschfarbe anpassen *\/||     transform: skew(30deg); \/* Winkel f\u00fcr Parallelogramm *\/||     top: 0;||     right: 0;||     z-index: -1;||     &#8221; global_colors_info=&#8221;{%22gcid-22a908cf-4fcb-470e-9fdb-218ba199538f%22:%91%22box_shadow_color%22,%22button_text_color__hover%22%93}&#8221; button_bg_color__hover_enabled=&#8221;off|hover&#8221; button_bg_enable_color__hover=&#8221;on&#8221; button_text_color__hover_enabled=&#8221;on|desktop&#8221; button_text_color__hover=&#8221;#007589&#8243; custom_css_before__hover_enabled=&#8221;on|desktop&#8221; custom_css_before__hover=&#8221;background: #f9af26;&#8221;][\/et_pb_button][dsm_button _builder_version=&#8221;4.27.4&#8243; _module_preset=&#8221;default&#8221; global_colors_info=&#8221;{}&#8221;][\/dsm_button][\/et_pb_column][et_pb_column type=&#8221;1_2&#8243; _builder_version=&#8221;4.27.4&#8243; _module_preset=&#8221;default&#8221; custom_padding_tablet=&#8221;100px||||false|false&#8221; custom_padding_phone=&#8221;100px||||false|false&#8221; custom_padding_last_edited=&#8221;on|tablet&#8221; global_colors_info=&#8221;{}&#8221;][et_pb_image src=&#8221;https:\/\/hotelzurpost.co.at\/wp-content\/uploads\/2025\/08\/HZP-Team.png&#8221; title_text=&#8221;Zesp\u00f3\u0142 HZP&#8221; _builder_version=&#8221;4.27.4&#8243; _module_preset=&#8221;default&#8221; width=&#8221;75%&#8221; width_tablet=&#8221;80%&#8221; width_phone=&#8221;90%&#8221; width_last_edited=&#8221;on|phone&#8221; module_alignment=&#8221;center&#8221; custom_margin=&#8221;||||false|false&#8221; custom_padding=&#8221;||35px||false|false&#8221; animation_style=&#8221;slide&#8221; module_alignment_tablet=&#8221;center&#8221; module_alignment_phone=&#8221;center&#8221; module_alignment_last_edited=&#8221;on|tablet&#8221; global_colors_info=&#8221;{}&#8221;][\/et_pb_image][et_pb_button button_url=&#8221;@ET-DC@eyJkeW5hbWljIjp0cnVlLCJjb250ZW50IjoicG9zdF9saW5rX3VybF9wYWdlIiwic2V0dGluZ3MiOnsicG9zdF9pZCI6IjcyNSIsImVuYWJsZV9odG1sIjoib2ZmIn19@&#8221; button_text=&#8221;Poznaj za\u0142og\u0119&#8221; button_alignment=&#8221;center&#8221; module_class=&#8221;button-parallel&#8221; _builder_version=&#8221;4.27.4&#8243; _dynamic_attributes=&#8221;button_url&#8221; _module_preset=&#8221;default&#8221; custom_button=&#8221;on&#8221; button_text_size=&#8221;22px&#8221; button_text_color=&#8221;#FFFFFF&#8221; button_border_width=&#8221;0px&#8221; button_border_radius=&#8221;0px&#8221; button_letter_spacing=&#8221;0px&#8221; button_font=&#8221;-et_global_heading_font|700||on|||||&#8221; button_on_hover=&#8221;off&#8221; custom_margin=&#8221;||||false|false&#8221; custom_padding=&#8221;|40px||40px|false|true&#8221; animation_style=&#8221;fade&#8221; button_text_size_tablet=&#8221;22px&#8221; button_text_size_phone=&#8221;18px&#8221; button_text_size_last_edited=&#8221;on|phone&#8221; custom_css_before=&#8221; display: block;||     opacity: 1;||     content: &#8221;;||     position: absolute;||     width: 100%;||     height: 100%;||     background: #007589; \/* Wunschfarbe anpassen *\/||     transform: skew(30deg); \/* Winkel f\u00fcr Parallelogramm *\/||     top: 0;||     right: 0;||     z-index: -1;||     &#8221; global_colors_info=&#8221;{%22gcid-22a908cf-4fcb-470e-9fdb-218ba199538f%22:%91%22box_shadow_color%22,%22button_text_color__hover%22%93}&#8221; button_bg_color__hover_enabled=&#8221;off|hover&#8221; button_bg_enable_color__hover=&#8221;on&#8221; button_text_color__hover_enabled=&#8221;on|desktop&#8221; button_text_color__hover=&#8221;#007589&#8243; custom_css_before__hover_enabled=&#8221;on|desktop&#8221; custom_css_before__hover=&#8221;background: #f9af26;&#8221;][\/et_pb_button][\/et_pb_column][\/et_pb_row][et_pb_row custom_padding_last_edited=&#8221;on|phone&#8221; disabled_on=&#8221;off|off|off&#8221; _builder_version=&#8221;4.27.4&#8243; _module_preset=&#8221;default&#8221; width=&#8221;100%&#8221; max_width=&#8221;100%&#8221; custom_padding=&#8221;50px||50px||true|false&#8221; custom_padding_tablet=&#8221;50px||30px||false|false&#8221; custom_padding_phone=&#8221;||20px||false|false&#8221; background_enable_image_phone=&#8221;off&#8221; global_colors_info=&#8221;{}&#8221;][et_pb_column type=&#8221;4_4&#8243; _builder_version=&#8221;4.27.4&#8243; _module_preset=&#8221;default&#8221; global_colors_info=&#8221;{}&#8221;][et_pb_image src=&#8221;https:\/\/hotelzurpost.co.at\/wp-content\/uploads\/2025\/05\/line-Konvertiert-scaled.png&#8221; title_text=&#8221;125447&#8243; src_tablet=&#8221;https:\/\/hotelzurpost.co.at\/wp-content\/uploads\/2025\/05\/line-Konvertiert-scaled.png&#8221; src_phone=&#8221;https:\/\/hotelzurpost.co.at\/wp-content\/uploads\/2025\/05\/125447.png&#8221; src_last_edited=&#8221;on|phone&#8221; _builder_version=&#8221;4.27.4&#8243; _module_preset=&#8221;default&#8221; global_colors_info=&#8221;{}&#8221;][\/et_pb_image][\/et_pb_column][\/et_pb_row][\/et_pb_section][et_pb_section fb_built=&#8221;1&#8243; custom_padding_last_edited=&#8221;on|tablet&#8221; _builder_version=&#8221;4.27.4&#8243; _module_preset=&#8221;default&#8221; custom_padding=&#8221;0px|||||&#8221; custom_padding_tablet=&#8221;||0px||false|false&#8221; custom_padding_phone=&#8221;||0px||false|false&#8221; global_colors_info=&#8221;{}&#8221;][et_pb_row _builder_version=&#8221;4.27.4&#8243; _module_preset=&#8221;default&#8221; custom_padding=&#8221;80px||80px||true|false&#8221; global_colors_info=&#8221;{}&#8221;][et_pb_column type=&#8221;4_4&#8243; _builder_version=&#8221;4.27.4&#8243; _module_preset=&#8221;default&#8221; global_colors_info=&#8221;{}&#8221;][et_pb_text _builder_version=&#8221;4.27.4&#8243; _module_preset=&#8221;a1808a1a-ade9-426a-a800-951d56873e9e&#8221; global_colors_info=&#8221;{}&#8221;]<\/p>\n<h2>111 lat Hotel zur Post<br \/>nad jeziorem Millstatt<\/h2>\n<p>[\/et_pb_text][et_pb_text _builder_version=&#8221;4.27.4&#8243; _module_preset=&#8221;44a69932-46fb-4490-a96e-aca790875098&#8243; header_font=&#8221;||||||||&#8221; header_2_font=&#8221;Sniglet||||||||&#8221; header_2_text_align=&#8221;center&#8221; header_2_text_color=&#8221;gcid-22a908cf-4fcb-470e-9fdb-218ba199538f&#8221; global_colors_info=&#8221;{%22gcid-22a908cf-4fcb-470e-9fdb-218ba199538f%22:%91%22header_2_text_color%22%93}&#8221;]<\/p>\n<p>Dom pe\u0142en historii<\/p>\n<p>[\/et_pb_text][\/et_pb_column][\/et_pb_row][et_pb_row _builder_version=&#8221;4.27.4&#8243; _module_preset=&#8221;default&#8221; width=&#8221;75%&#8221; width_tablet=&#8221;90%&#8221; width_phone=&#8221;90%&#8221; width_last_edited=&#8221;on|tablet&#8221; max_width=&#8221;100%&#8221; custom_margin_tablet=&#8221;&#8221; custom_margin_phone=&#8221;|35px|||false|false&#8221; custom_margin_last_edited=&#8221;on|phone&#8221; global_colors_info=&#8221;{}&#8221;][et_pb_column type=&#8221;4_4&#8243; _builder_version=&#8221;4.27.4&#8243; _module_preset=&#8221;default&#8221; global_colors_info=&#8221;{}&#8221;][tmdivi_timeline labels_position=&#8221;4&#8243; labels_spacing_bottom=&#8221;14px&#8221; timeline_color=&#8221;gcid-b0af9cbb-8993-4995-81b0-ff5a8347cb53&#8243; timeline_line_width=&#8221;3px&#8221; timeline_fill_setting=&#8221;on&#8221; timeline_fill_color=&#8221;gcid-22a908cf-4fcb-470e-9fdb-218ba199538f&#8221; icon_background_color=&#8221;#FFFFFF&#8221; label_font=&#8221;Sniglet||||||||&#8221; label_font_color=&#8221;#007589&#8243; label_font_size=&#8221;28px&#8221; sub_label_font=&#8221;Sniglet||||||||&#8221; sub_label_font_color=&#8221;#f9af26&#8243; sub_label_font_size=&#8221;24px&#8221; story_background_color=&#8221;rgba(0,117,137,0.1)&#8221; description_text_size=&#8221;15px&#8221; description_line_height=&#8221;26px&#8221; _builder_version=&#8221;4.27.4&#8243; _module_preset=&#8221;default&#8221; description_settings_font=&#8221;-et_global_body_font||||||||&#8221; hover_enabled=&#8221;0&#8243; border_radii_story_settings=&#8221;on|20px|20px|20px|20px&#8221; global_colors_info=&#8221;{%22gcid-b0af9cbb-8993-4995-81b0-ff5a8347cb53%22:%91%22timeline_color%22%93,%22gcid-22a908cf-4fcb-470e-9fdb-218ba199538f%22:%91%22timeline_fill_color%22%93}&#8221; sticky_enabled=&#8221;0&#8243;][tmdivi_timeline_story show_label=&#8221;off&#8221; label_date=&#8221;Die \u201ePost\u201c als Gasthaus und Finanzamt&#8221; sub_label=&#8221;1908&#8243; media=&#8221;https:\/\/hotelzurpost.co.at\/wp-content\/uploads\/2025\/07\/100jzp-1.jpg&#8221; _builder_version=&#8221;4.27.4&#8243; global_colors_info=&#8221;{}&#8221;]<\/p>\n<p>Historia naszej legendarnej go\u015bcinno\u015bci rozpocz\u0119\u0142a si\u0119 w 1908 roku - od odwa\u017cnego posuni\u0119cia i naprawd\u0119 dobrego pomys\u0142u: Johann Berger, pradziadek Paula Kerna, kupi\u0142 wiejsk\u0105 gospod\u0119 &#8222;zur Post&#8221;. W jej sk\u0142ad wchodzi\u0142y stajnie. <\/p>\n<p>Co nast\u0105pi\u0142o p\u00f3\u017aniej? Ca\u0142kiem sporo! We wczesnych latach &#8222;Post&#8221; by\u0142 nie tylko zajazdem, ale tak\u017ce urz\u0119dem pocztowym i szko\u0142\u0105 podstawow\u0105 - naprawd\u0119 wszechstronny.  <\/p>\n<p>Kiedy Johann przekaza\u0142 stery swojemu synowi Friedrichowi, biznes kontynuowa\u0142 wraz ze swoj\u0105 \u017con\u0105 Aloisi\u0105. Oboje prowadzili nie tylko gospod\u0119, ale tak\u017ce zwi\u0105zane z ni\u0105 gospodarstwo. Aloisia by\u0142a r\u00f3wnie\u017c fantastyczn\u0105 kuchark\u0105 - jej reputacja j\u0105 wyprzedza\u0142a, wi\u0119c &#8222;Post&#8221; by\u0142 ju\u017c wtedy ulubionym miejscem na przek\u0105sk\u0119.  <\/p>\n<p>Potem przysz\u0142a wojna - trudny czas. Dom szybko sta\u0142 si\u0119 siedzib\u0105 lokalnego urz\u0119du skarbowego. Ale karczma? To pozosta\u0142o.   <\/p>\n<p>[\/tmdivi_timeline_story][tmdivi_timeline_story label_date=&#8221;Aus dem Landgasthaus wird ein Fremdenverkehrsbetrieb&#8221; sub_label=&#8221;1957 - 1980&#8243; media=&#8221;https:\/\/hotelzurpost.co.at\/wp-content\/uploads\/2025\/07\/100jzp-6.jpg&#8221; _builder_version=&#8221;4.27.4&#8243; global_colors_info=&#8221;{}&#8221;]W 1957 roku Elfriede Gutzelnig - matka Barbary Kern - przej\u0119\u0142a stery na poczcie. I tak rozpocz\u0119\u0142o si\u0119 30 naprawd\u0119 udanych lat! W tym czasie hotel nie tylko ugruntowa\u0142 swoj\u0105 dobr\u0105 reputacj\u0119, ale tak\u017ce naprawd\u0119 podkr\u0119ci\u0142 temperatur\u0119.  <\/p>\n<p>Ciekawostka: Do lat 60-tych mieli\u015bmy w domu nawet sklep og\u00f3lnospo\u017cywczy - co by\u0142o w\u00f3wczas czym\u015b zupe\u0142nie normalnym. Elfriede i jej m\u0105\u017c Franz nie byli fanami stania w miejscu. Zabierali si\u0119 do pracy - i robili to porz\u0105dnie.  <\/p>\n<p>To w\u0142a\u015bnie za ich czas\u00f3w powsta\u0142o nasze wewn\u0119trzne lido, kt\u00f3re do dzi\u015b jest bardzo lubiane. Pierwsze pokoje mia\u0142y prywatne \u0142azienki (prawdziwa sensacja!), a piec opalany drewnem w kuchni zosta\u0142 zast\u0105piony w pe\u0142ni elektronicznym systemem - do\u015b\u0107 zaawansowanym jak na tamte czasy. <\/p>\n<p>Go\u015bcie przybywali t\u0142umnie - i tak ma\u0142y wiejski zajazd z farm\u0105 stopniowo sta\u0142 si\u0119 prawdziwym biznesem turystycznym. Dodano nawet drugi pensjonat. <\/p>\n<p>Kr\u00f3tko m\u00f3wi\u0105c: Swiss Post rozr\u00f3s\u0142 si\u0119 - ale jego dusza pozosta\u0142a.[\/tmdivi_timeline_story][tmdivi_timeline_story label_date=&#8221;Vom Traditionshaus zum Wohlf\u00fchl-Refugium&#8221; sub_label=&#8221;1989 - 2008&#8243; media=&#8221;https:\/\/hotelzurpost.co.at\/wp-content\/uploads\/2025\/09\/100jahr-feier.jpg&#8221; _builder_version=&#8221;4.27.4&#8243; hover_enabled=&#8221;0&#8243; global_colors_info=&#8221;{}&#8221; title_text=&#8221;100jahr-feier&#8221; sticky_enabled=&#8221;0&#8243;]<\/p>\n<p>W 1989 roku nadszed\u0142 czas: Barbara Kern i jej m\u0105\u017c dr Peter Kern przej\u0119li stery. I oczywi\u015bcie, jak wiadomo, nie poprzestali na administrowaniu - zakasali r\u0119kawy i sprawili, \u017ce Hotel zur Post sta\u0142 si\u0119 jeszcze bardziej wyj\u0105tkowy. <\/p>\n<p>W tym czasie powsta\u0142 przestronny raj dla dzieci, nowe apartamenty, pokoje i mieszkania, nowoczesna strefa wellness i zalana \u015bwiat\u0142em jadalnia. Dodano nawet wind\u0119 - aby wszyscy go\u015bcie mogli naprawd\u0119 wsz\u0119dzie dotrze\u0107. <\/p>\n<p>Rezultat? Uroczy, komfortowy hotel rodzinny, w kt\u00f3rym mo\u017cna poczu\u0107 si\u0119 jak w domu o ka\u017cdej porze roku. <\/p>\n<p>W 2008 roku odby\u0142a si\u0119 wielka uroczysto\u015b\u0107: 100 lat historii rodziny - ze wszystkim, co si\u0119 z tym wi\u0105\u017ce. (Tak, oczywi\u015bcie by\u0142 szampan i tort - du\u017co tortu). <\/p>\n<p>[\/tmdivi_timeline_story][tmdivi_timeline_story label_date=&#8221;Ein Haus voller Begegnungen \u2013 seit \u00fcber 111 Jahren&#8221; sub_label=&#8221;Jetzt&#8221; media=&#8221;https:\/\/hotelzurpost.co.at\/wp-content\/uploads\/2025\/07\/Post-Skriptum-229-von-612-1.jpg&#8221; _builder_version=&#8221;4.27.4&#8243; global_colors_info=&#8221;{}&#8221;]The Post zawsze by\u0142 czym\u015b wi\u0119cej ni\u017c tylko hotelem. To miejsce, w kt\u00f3rym ludzie spotykaj\u0105 si\u0119, aby porozmawia\u0107, po\u015bmia\u0107 si\u0119, wypi\u0107 kieliszek i wzi\u0105\u0107 g\u0142\u0119boki oddech. Od ponad wieku oferujemy rodzinn\u0105 go\u015bcinno\u015b\u0107 z sercem i jako\u015bci\u0105 u\u015bcisku d\u0142oni.  <\/p>\n<p>Dla wszystkich, kt\u00f3rzy odwiedzaj\u0105 nas po raz pierwszy: <span style=\"color: #007589;\"><strong>Witamy - wspaniale, \u017ce tu jeste\u015bcie!<\/strong><\/span><br \/>\nA dla naszych sta\u0142ych bywalc\u00f3w: ogromne <span style=\"color: #007589;\"><strong>DZI\u0118KUJEMY<\/strong><\/span>. Bez was ten dom nie by\u0142by tym, czym jest dzisiaj. <\/p>\n<p>Twoja rodzina<br \/>\nPaul &amp; Lisa Kern<br \/>\n i ca\u0142y zesp\u00f3\u0142 Post[\/tmdivi_timeline_story][\/tmdivi_timeline][\/et_pb_column][\/et_pb_row][\/et_pb_section]<\/p>\n","protected":false},"excerpt":{"rendered":"<p>Go\u015bcinno\u015b\u0107 we krwi. Historia w sercu. Poniewa\u017c wolimy kontynuowa\u0107 tradycj\u0119 ni\u017c j\u0105 porzuca\u0107U nas goszczenie nie jest obowi\u0105zkiem, ale pasj\u0105 - i mo\u017cna to poczu\u0107 od pierwszego &#8222;cze\u015b\u0107&#8221; do ostatniej kawy \u015bniadaniowej. Wierzymy w szczere spotkania, ma\u0142e uwagi o du\u017cym wp\u0142ywie i w to, \u017ce u\u015bmiech w recepcji cz\u0119sto liczy si\u0119 bardziej ni\u017c jakakolwiek ocena w gwiazdkach. W Post nie powiniene\u015b czu\u0107 si\u0119 jak go\u015b\u0107 - ale jak cz\u0119\u015b\u0107 rodziny. Niezale\u017cnie od tego, czy jest to drink z Barbar\u0105, opowie\u015b\u0107 o piwniczce z winami od Paula czy wskaz\u00f3wka od Lisy: tutaj nigdy nie jest sztywno, ale zawsze ciep\u0142o. <div class=\"et_pb_module dsm_button dsm_button_0 et_pb_bg_layout_light\">\n\t\t\t\t\n\t\t\t\t\n\t\t\t\t\n\t\t\t\t\n\t\t\t\t\n\t\t\t\t\n\t\t\t\t<div class=\"et_pb_module_inner\">\n\t\t\t\t\t<div class=\"et_pb_button_module_wrappers dsm_button_0_wrapper  et_pb_module\">\n\t\t\t\t\n\t\t\t<\/div>\n\t\t\t\t<\/div>\n\t\t\t<\/div>111 lat Hotel zur Postnad jeziorem MillstattDom pe\u0142en historii<div class=\"et_pb_module tmdivi_timeline tmdivi_timeline_0\">\n\t\t\t\t\n\t\t\t\t\n\t\t\t\t\n\t\t\t\t\n\t\t\t\t\n\t\t\t\t\n\t\t\t\t<div class=\"et_pb_module_inner\">\n\t\t\t\t\t\n\t\t\t\t<\/div>\n\t\t\t<\/div><div class=\"et_pb_module tmdivi_timeline_story tmdivi_timeline_story_0\">\n\t\t\t\t\n\t\t\t\t\n\t\t\t\t\n\t\t\t\t\n\t\t\t\t\n\t\t\t\t\n\t\t\t\t<div class=\"et_pb_module_inner\">\n\t\t\t\t\t<div class=\"tmdivi-story tmdivi-story-icon tmdivi-story-right\">\n                        <div class=\"tmdivi-labels\"><div class=\"tmdivi-label-big\">Die \u201ePost\u201c als Gasthaus und Finanzamt<\/div><div class=\"tmdivi-label-small\">1908<\/div><\/div><div class=\"tmdivi-icondot\"><\/div>\n                        <div class=\"tmdivi-arrow\"><\/div>\n                            <div class=\"tmdivi-content\">\n                                <div class=\"tmdivi-media full\"><img decoding=\"async\" src=\"https:\/\/hotelzurpost.co.at\/wp-content\/uploads\/2025\/07\/100jzp-1.jpg\" alt=\"\" \/><\/div>\n                            <\/div>\n                    <\/div>\n\t\t\t\t<\/div>\n\t\t\t<\/div>Historia naszej legendarnej go\u015bcinno\u015bci rozpocz\u0119\u0142a si\u0119 w 1908 roku - od odwa\u017cnego posuni\u0119cia i naprawd\u0119 dobrego pomys\u0142u: Johann Berger, pradziadek Paula Kerna, kupi\u0142 wiejsk\u0105 gospod\u0119 &#8222;zur Post&#8221;. W jej sk\u0142ad wchodzi\u0142y stajnie. Co nast\u0105pi\u0142o p\u00f3\u017aniej? Ca\u0142kiem sporo! We wczesnych latach &#8222;Post&#8221; by\u0142 nie tylko zajazdem, ale tak\u017ce urz\u0119dem pocztowym i szko\u0142\u0105 podstawow\u0105 - naprawd\u0119 wszechstronny. Kiedy Johann [&hellip;]<\/p>\n","protected":false},"author":2,"featured_media":0,"parent":0,"menu_order":0,"comment_status":"closed","ping_status":"closed","template":"","meta":{"_et_pb_use_builder":"on","_et_pb_old_content":"","_et_gb_content_width":"","footnotes":""},"class_list":["post-27287","page","type-page","status-publish","hentry"],"_links":{"self":[{"href":"https:\/\/hotelzurpost.co.at\/pl\/wp-json\/wp\/v2\/pages\/27287","targetHints":{"allow":["GET"]}}],"collection":[{"href":"https:\/\/hotelzurpost.co.at\/pl\/wp-json\/wp\/v2\/pages"}],"about":[{"href":"https:\/\/hotelzurpost.co.at\/pl\/wp-json\/wp\/v2\/types\/page"}],"author":[{"embeddable":true,"href":"https:\/\/hotelzurpost.co.at\/pl\/wp-json\/wp\/v2\/users\/2"}],"replies":[{"embeddable":true,"href":"https:\/\/hotelzurpost.co.at\/pl\/wp-json\/wp\/v2\/comments?post=27287"}],"version-history":[{"count":5,"href":"https:\/\/hotelzurpost.co.at\/pl\/wp-json\/wp\/v2\/pages\/27287\/revisions"}],"predecessor-version":[{"id":27311,"href":"https:\/\/hotelzurpost.co.at\/pl\/wp-json\/wp\/v2\/pages\/27287\/revisions\/27311"}],"wp:attachment":[{"href":"https:\/\/hotelzurpost.co.at\/pl\/wp-json\/wp\/v2\/media?parent=27287"}],"curies":[{"name":"wp","href":"https:\/\/api.w.org\/{rel}","templated":true}]}}