{"id":27270,"date":"2025-05-12T06:51:19","date_gmt":"2025-05-12T04:51:19","guid":{"rendered":"https:\/\/hotelzurpost.co.at\/pakiety\/"},"modified":"2026-01-26T14:16:05","modified_gmt":"2026-01-26T12:16:05","slug":"pakiety","status":"publish","type":"page","link":"https:\/\/hotelzurpost.co.at\/pl\/pakiety\/","title":{"rendered":"Pakiety"},"content":{"rendered":"<p>[et_pb_section fb_built=&#8221;1&#8243; custom_padding_last_edited=&#8221;on|desktop&#8221; _builder_version=&#8221;4.27.4&#8243; _module_preset=&#8221;default&#8221; background_enable_color=&#8221;off&#8221; use_background_color_gradient=&#8221;on&#8221; background_color_gradient_stops=&#8221;#ffffff 79%|rgba(58,58,59,0.6) 100%&#8221; background_image=&#8221;https:\/\/hotelzurpost.co.at\/wp-content\/uploads\/2025\/08\/seenschleife_region_villach-original_f_Gert-Perauer_c_Kaernten-Werbung.jpg&#8221; background_position=&#8221;bottom_center&#8221; background_vertical_offset=&#8221;15%&#8221; background_blend=&#8221;multiply&#8221; width=&#8221;100%&#8221; height=&#8221;730px&#8221; height_tablet=&#8221;370px&#8221; height_phone=&#8221;240px&#8221; height_last_edited=&#8221;on|phone&#8221; custom_padding=&#8221;||0px||false|false&#8221; custom_padding_tablet=&#8221;|||0px|false|false&#8221; custom_padding_phone=&#8221;50px||0px|0px|false|false&#8221; background_last_edited=&#8221;on|desktop&#8221; use_background_color_gradient_tablet=&#8221;on&#8221; background_color_gradient_stops_tablet=&#8221;#ffffff 55%|rgba(58,58,59,0.6) 69%&#8221; global_colors_info=&#8221;{}&#8221;][\/et_pb_section][et_pb_section fb_built=&#8221;1&#8243; _builder_version=&#8221;4.27.4&#8243; _module_preset=&#8221;default&#8221; background_color=&#8221;rgba(0,117,137,0.1)&#8221; custom_padding=&#8221;0px||0px||false|false&#8221; global_colors_info=&#8221;{}&#8221;][et_pb_row _builder_version=&#8221;4.27.4&#8243; _module_preset=&#8221;default&#8221; background_color=&#8221;gcid-22a908cf-4fcb-470e-9fdb-218ba199538f&#8221; width=&#8221;100%&#8221; max_width=&#8221;100%&#8221; custom_padding=&#8221;29px||19px|||&#8221; global_colors_info=&#8221;{%22gcid-22a908cf-4fcb-470e-9fdb-218ba199538f%22:%91%22background_color%22%93}&#8221;][et_pb_column type=&#8221;4_4&#8243; _builder_version=&#8221;4.27.4&#8243; _module_preset=&#8221;default&#8221; global_colors_info=&#8221;{}&#8221;][et_pb_text _builder_version=&#8221;4.27.4&#8243; _module_preset=&#8221;1b9ff88c-8403-4761-a812-f191bbcf616b&#8221; global_colors_info=&#8221;{}&#8221;]<\/p>\n<h1>Nasze pakiety - Tw\u00f3j pakiet wakacyjny<\/h1>\n<p>[\/et_pb_text][\/et_pb_column][\/et_pb_row][et_pb_row _builder_version=&#8221;4.27.4&#8243; _module_preset=&#8221;default&#8221; background_enable_color=&#8221;off&#8221; max_width=&#8221;100%&#8221; custom_padding=&#8221;30px||2px|||&#8221; global_colors_info=&#8221;{}&#8221;][et_pb_column type=&#8221;4_4&#8243; _builder_version=&#8221;4.27.4&#8243; _module_preset=&#8221;default&#8221; global_colors_info=&#8221;{}&#8221;][et_pb_text _builder_version=&#8221;4.27.4&#8243; _module_preset=&#8221;3263c9d5-3722-4752-ba0d-65081f7aca6e&#8221; global_colors_info=&#8221;{}&#8221;]<\/p>\n<h2>Wszechstronna, beztroska przyjemno\u015b\u0107<\/h2>\n<p>[\/et_pb_text][et_pb_text _builder_version=&#8221;4.27.4&#8243; _module_preset=&#8221;84304942-4737-4169-92ab-4f437c0ed3a4&#8243; custom_margin=&#8221;||50px||false|false&#8221; custom_margin_phone=&#8221;15px||50px||false|false&#8221; custom_padding_phone=&#8221;|0px||0px|false|true&#8221; global_colors_info=&#8221;{}&#8221;]<\/p>\n<p>Niezale\u017cnie od tego, czy chcesz by\u0107 <strong>aktywny<\/strong> sportowo, <strong>romantyczny<\/strong> jako <strong>para<\/strong>, czy zrelaksowany z ca\u0142\u0105 <strong>rodzin\u0105<\/strong> - dzi\u0119ki naszym pakietom masz wszystko, czego potrzebujesz, aby Twoje wakacje nad <strong>jeziorem Millstatt<\/strong> by\u0142y wyj\u0105tkowe. Nie rezerwujesz tylko pokoju, ale ca\u0142e <strong>wakacje<\/strong> z wieloma <strong>dodatkami<\/strong>, kt\u00f3re s\u0105 idealne dla Ciebie. <\/p>\n<p>[\/et_pb_text][\/et_pb_column][\/et_pb_row][et_pb_row _builder_version=&#8221;4.27.4&#8243; _module_preset=&#8221;default&#8221; max_width=&#8221;100%&#8221; custom_padding=&#8221;3px|||||&#8221; global_colors_info=&#8221;{}&#8221;][et_pb_column type=&#8221;4_4&#8243; _builder_version=&#8221;4.27.4&#8243; _module_preset=&#8221;default&#8221; global_colors_info=&#8221;{}&#8221;][et_pb_code _builder_version=&#8221;4.27.4&#8243; _module_preset=&#8221;default&#8221; hover_enabled=&#8221;0&#8243; global_colors_info=&#8221;{}&#8221; sticky_enabled=&#8221;0&#8243;]        <\/p>\n<div data-kbe-offers=\"BOOKINGWIDGET\"><\/div>\n<p><!-- [et_pb_line_break_holder] --><!-- [et_pb_line_break_holder] -->        <script><!-- [et_pb_line_break_holder] -->          !function(t,e,n,s){t[\"kbe-widgets\"]=s,t[s]=t[s]||new Proxy({q:[]},{get:(e,n)=&gt;n in e?e[n]:function(e){t[s].q.push([n,e])}});const o=e.createElement(n),r=e.getElementsByTagName(n)[0];o.id=s,o.src=\"https:\/\/widget-bf.seekda.com\/loader.js\",o.async=1,r.parentNode.insertBefore(o,r)}(window,document,\"script\",\"__KBE\");<!-- [et_pb_line_break_holder] -->          __KBE.settings({<!-- [et_pb_line_break_holder] -->            \"id\": \"BOOKINGWIDGET\",<!-- [et_pb_line_break_holder] -->            \"propertyCode\": \"AT_APIH_006\"<!-- [et_pb_line_break_holder] -->          });<!-- [et_pb_line_break_holder] -->          <!-- [et_pb_line_break_holder] -->          <!-- [et_pb_line_break_holder] -->          __KBE.offers({<!-- [et_pb_line_break_holder] -->            \"id\": \"BOOKINGWIDGET\"<!-- [et_pb_line_break_holder] -->          });<!-- [et_pb_line_break_holder] -->        <\/script>[\/et_pb_code][\/et_pb_column][\/et_pb_row][et_pb_row custom_padding_last_edited=&#8221;on|phone&#8221; disabled_on=&#8221;off|off|off&#8221; _builder_version=&#8221;4.27.4&#8243; _module_preset=&#8221;default&#8221; width=&#8221;100%&#8221; max_width=&#8221;100%&#8221; custom_padding=&#8221;50px||50px||true|false&#8221; custom_padding_tablet=&#8221;50px||30px||false|false&#8221; custom_padding_phone=&#8221;4px||20px||false|false&#8221; background_enable_image_phone=&#8221;off&#8221; global_colors_info=&#8221;{}&#8221;][et_pb_column type=&#8221;4_4&#8243; _builder_version=&#8221;4.27.4&#8243; _module_preset=&#8221;default&#8221; global_colors_info=&#8221;{}&#8221;][et_pb_image src=&#8221;https:\/\/hotelzurpost.co.at\/wp-content\/uploads\/2025\/05\/line-Konvertiert-scaled.png&#8221; title_text=&#8221;125447&#8243; src_tablet=&#8221;https:\/\/hotelzurpost.co.at\/wp-content\/uploads\/2025\/05\/line-Konvertiert-scaled.png&#8221; src_phone=&#8221;https:\/\/hotelzurpost.co.at\/wp-content\/uploads\/2025\/05\/125447.png&#8221; src_last_edited=&#8221;on|phone&#8221; _builder_version=&#8221;4.27.4&#8243; _module_preset=&#8221;default&#8221; global_colors_info=&#8221;{}&#8221;][\/et_pb_image][\/et_pb_column][\/et_pb_row][\/et_pb_section]<\/p>\n","protected":false},"excerpt":{"rendered":"<p>Nasze pakiety - Tw\u00f3j pakiet wakacyjnyWszechstronna, beztroska przyjemno\u015b\u0107Niezale\u017cnie od tego, czy chcesz by\u0107 aktywny sportowo, romantyczny jako para, czy zrelaksowany z ca\u0142\u0105 rodzin\u0105 - dzi\u0119ki naszym pakietom masz wszystko, czego potrzebujesz, aby Twoje wakacje nad jeziorem Millstatt by\u0142y wyj\u0105tkowe. Nie rezerwujesz tylko pokoju, ale ca\u0142e wakacje z wieloma dodatkami, kt\u00f3re s\u0105 idealne dla Ciebie.<\/p>\n","protected":false},"author":2,"featured_media":0,"parent":0,"menu_order":0,"comment_status":"closed","ping_status":"closed","template":"","meta":{"_et_pb_use_builder":"on","_et_pb_old_content":"","_et_gb_content_width":"","footnotes":""},"class_list":["post-27270","page","type-page","status-publish","hentry"],"_links":{"self":[{"href":"https:\/\/hotelzurpost.co.at\/pl\/wp-json\/wp\/v2\/pages\/27270","targetHints":{"allow":["GET"]}}],"collection":[{"href":"https:\/\/hotelzurpost.co.at\/pl\/wp-json\/wp\/v2\/pages"}],"about":[{"href":"https:\/\/hotelzurpost.co.at\/pl\/wp-json\/wp\/v2\/types\/page"}],"author":[{"embeddable":true,"href":"https:\/\/hotelzurpost.co.at\/pl\/wp-json\/wp\/v2\/users\/2"}],"replies":[{"embeddable":true,"href":"https:\/\/hotelzurpost.co.at\/pl\/wp-json\/wp\/v2\/comments?post=27270"}],"version-history":[{"count":2,"href":"https:\/\/hotelzurpost.co.at\/pl\/wp-json\/wp\/v2\/pages\/27270\/revisions"}],"predecessor-version":[{"id":27273,"href":"https:\/\/hotelzurpost.co.at\/pl\/wp-json\/wp\/v2\/pages\/27270\/revisions\/27273"}],"wp:attachment":[{"href":"https:\/\/hotelzurpost.co.at\/pl\/wp-json\/wp\/v2\/media?parent=27270"}],"curies":[{"name":"wp","href":"https:\/\/api.w.org\/{rel}","templated":true}]}}