{"id":27259,"date":"2025-05-12T06:50:55","date_gmt":"2025-05-12T04:50:55","guid":{"rendered":"https:\/\/hotelzurpost.co.at\/pokoj\/"},"modified":"2026-01-26T14:16:03","modified_gmt":"2026-01-26T12:16:03","slug":"pokoj","status":"publish","type":"page","link":"https:\/\/hotelzurpost.co.at\/pl\/pokoj\/","title":{"rendered":"Pok\u00f3j"},"content":{"rendered":"<p>[et_pb_section fb_built=&#8221;1&#8243; custom_padding_last_edited=&#8221;on|desktop&#8221; _builder_version=&#8221;4.27.4&#8243; _module_preset=&#8221;default&#8221; background_enable_color=&#8221;off&#8221; use_background_color_gradient=&#8221;on&#8221; background_color_gradient_stops=&#8221;#ffffff 79%|rgba(58,58,59,0.6) 100%&#8221; background_image=&#8221;https:\/\/hotelzurpost.co.at\/wp-content\/uploads\/2025\/08\/6-0177-web_hotelzurpost\u00a9gert_perauer.jpg&#8221; background_position=&#8221;bottom_center&#8221; background_vertical_offset=&#8221;20%&#8221; background_blend=&#8221;multiply&#8221; width=&#8221;100%&#8221; height=&#8221;730px&#8221; height_tablet=&#8221;370px&#8221; height_phone=&#8221;240px&#8221; height_last_edited=&#8221;on|phone&#8221; custom_padding=&#8221;||0px||false|false&#8221; custom_padding_tablet=&#8221;|||0px|false|false&#8221; custom_padding_phone=&#8221;50px||0px|0px|false|false&#8221; background_last_edited=&#8221;on|tablet&#8221; use_background_color_gradient_tablet=&#8221;on&#8221; background_color_gradient_stops_tablet=&#8221;#ffffff 55%|rgba(58,58,59,0.6) 69%&#8221; global_colors_info=&#8221;{}&#8221;][\/et_pb_section][et_pb_section fb_built=&#8221;1&#8243; _builder_version=&#8221;4.27.4&#8243; _module_preset=&#8221;default&#8221; background_color=&#8221;rgba(0,117,137,0.1)&#8221; custom_padding=&#8221;0px||0px||false|false&#8221; global_colors_info=&#8221;{}&#8221;][et_pb_row _builder_version=&#8221;4.27.4&#8243; _module_preset=&#8221;default&#8221; background_color=&#8221;gcid-22a908cf-4fcb-470e-9fdb-218ba199538f&#8221; width=&#8221;100%&#8221; max_width=&#8221;100%&#8221; custom_padding=&#8221;29px||19px|||&#8221; global_colors_info=&#8221;{%22gcid-22a908cf-4fcb-470e-9fdb-218ba199538f%22:%91%22background_color%22%93}&#8221;][et_pb_column type=&#8221;4_4&#8243; _builder_version=&#8221;4.27.4&#8243; _module_preset=&#8221;default&#8221; global_colors_info=&#8221;{}&#8221;][et_pb_text _builder_version=&#8221;4.27.4&#8243; _module_preset=&#8221;1b9ff88c-8403-4761-a812-f191bbcf616b&#8221; global_colors_info=&#8221;{}&#8221;]<\/p>\n<h1>Pok\u00f3j hotelowy w hotelu zur Post<\/h1>\n<p>[\/et_pb_text][\/et_pb_column][\/et_pb_row][et_pb_row _builder_version=&#8221;4.27.4&#8243; _module_preset=&#8221;default&#8221; background_enable_color=&#8221;off&#8221; max_width=&#8221;100%&#8221; custom_padding=&#8221;30px||2px|||&#8221; global_colors_info=&#8221;{}&#8221;][et_pb_column type=&#8221;4_4&#8243; _builder_version=&#8221;4.27.4&#8243; _module_preset=&#8221;default&#8221; global_colors_info=&#8221;{}&#8221;][et_pb_text _builder_version=&#8221;4.27.4&#8243; _module_preset=&#8221;84304942-4737-4169-92ab-4f437c0ed3a4&#8243; custom_margin=&#8221;||50px||false|false&#8221; custom_margin_phone=&#8221;-25px||50px||false|false&#8221; custom_padding_phone=&#8221;29px|0px||0px|false|true&#8221; global_colors_info=&#8221;{}&#8221;]<\/p>\n<p>Niezale\u017cnie od tego, czy wolisz przytulny <strong>pok\u00f3j dwuosobowy<\/strong>, czy przestronny <strong>pok\u00f3j rodzinny<\/strong> - w hotelu zur Post znajdziesz idealne miejsce na wakacje.<\/p>\n<p>Nasze pokoje s\u0105 pi\u0119knie urz\u0105dzone, aby\u015b poczu\u0142 si\u0119 jak w domu od pierwszej chwili. Niekt\u00f3re z nich dysponuj\u0105 nawet balkonem - idealnym do rozkoszowania si\u0119 \u015bwie\u017cym karynckim powietrzem i widokiem na przyrod\u0119 przy lampce wina lub fili\u017cance herbaty. <\/p>\n<p>[\/et_pb_text][\/et_pb_column][\/et_pb_row][et_pb_row _builder_version=&#8221;4.27.4&#8243; _module_preset=&#8221;default&#8221; max_width=&#8221;100%&#8221; custom_padding=&#8221;3px||50px||false|false&#8221; global_colors_info=&#8221;{}&#8221; custom_margin=&#8221;|auto|60px|auto||&#8221;][et_pb_column type=&#8221;4_4&#8243; _builder_version=&#8221;4.27.4&#8243; _module_preset=&#8221;default&#8221; global_colors_info=&#8221;{}&#8221;][et_pb_text _builder_version=&#8221;4.27.4&#8243; _module_preset=&#8221;3263c9d5-3722-4752-ba0d-65081f7aca6e&#8221; custom_padding=&#8221;||3px||false|false&#8221; custom_padding_tablet=&#8221;||30px||false|false&#8221; custom_padding_phone=&#8221;||30px||false|false&#8221; custom_padding_last_edited=&#8221;on|tablet&#8221; global_colors_info=&#8221;{}&#8221;]<\/p>\n<h2>Pok\u00f3j dwuosobowy na pobyt<\/h2>\n<p>[\/et_pb_text][et_pb_filterable_portfolio fullwidth=&#8221;off&#8221; include_categories=&#8221;15&#8243; show_categories=&#8221;off&#8221; show_pagination=&#8221;off&#8221; zoom_icon_color=&#8221;RGBA(255,255,255,0)&#8221; hover_overlay_color=&#8221;rgba(0,0,0,0.15)&#8221; _builder_version=&#8221;4.27.4&#8243; _module_preset=&#8221;default&#8221; title_font=&#8221;Sniglet||||||||&#8221; title_text_align=&#8221;center&#8221; title_text_color=&#8221;gcid-22a908cf-4fcb-470e-9fdb-218ba199538f&#8221; title_font_size=&#8221;25px&#8221; filter_font=&#8221;||||||||&#8221; filter_text_color=&#8221;gcid-22a908cf-4fcb-470e-9fdb-218ba199538f&#8221; caption_font=&#8221;-et_global_body_font||||||||&#8221; caption_text_align=&#8221;center&#8221; caption_text_color=&#8221;gcid-22a908cf-4fcb-470e-9fdb-218ba199538f&#8221; title_font_size_tablet=&#8221;20px&#8221; title_font_size_phone=&#8221;20px&#8221; title_font_size_last_edited=&#8221;on|phone&#8221; title_line_height_tablet=&#8221;1.3em&#8221; title_line_height_phone=&#8221;1.3em&#8221; title_line_height_last_edited=&#8221;on|tablet&#8221; border_radii_image=&#8221;on|20px|20px|20px|20px&#8221; global_colors_info=&#8221;{%22gcid-22a908cf-4fcb-470e-9fdb-218ba199538f%22:%91%22title_text_color%22,%22caption_text_color%22,%22filter_text_color%22%93,%22gcid-b0af9cbb-8993-4995-81b0-ff5a8347cb53%22:%91%22filter_text_color__hover%22%93}&#8221; filter_text_color__hover_enabled=&#8221;on|desktop&#8221; filter_text_color__hover=&#8221;#f9af26&#8243;][\/et_pb_filterable_portfolio][\/et_pb_column][\/et_pb_row][et_pb_row _builder_version=&#8221;4.27.4&#8243; _module_preset=&#8221;default&#8221; max_width=&#8221;100%&#8221; custom_padding=&#8221;3px||0px|||&#8221; global_colors_info=&#8221;{}&#8221;][et_pb_column type=&#8221;4_4&#8243; _builder_version=&#8221;4.27.4&#8243; _module_preset=&#8221;default&#8221; global_colors_info=&#8221;{}&#8221;][et_pb_text _builder_version=&#8221;4.27.4&#8243; _module_preset=&#8221;3263c9d5-3722-4752-ba0d-65081f7aca6e&#8221; custom_padding_tablet=&#8221;||30px||false|false&#8221; custom_padding_phone=&#8221;||30px||false|false&#8221; custom_padding_last_edited=&#8221;on|tablet&#8221; global_colors_info=&#8221;{}&#8221;]<\/p>\n<h2>Pok\u00f3j rodzinny na wsp\u00f3lne chwile<\/h2>\n<p>[\/et_pb_text][et_pb_filterable_portfolio fullwidth=&#8221;off&#8221; include_categories=&#8221;13&#8243; show_categories=&#8221;off&#8221; show_pagination=&#8221;off&#8221; zoom_icon_color=&#8221;RGBA(255,255,255,0)&#8221; hover_overlay_color=&#8221;rgba(0,0,0,0.15)&#8221; _builder_version=&#8221;4.27.4&#8243; _module_preset=&#8221;default&#8221; title_font=&#8221;Sniglet||||||||&#8221; title_text_align=&#8221;center&#8221; title_text_color=&#8221;gcid-22a908cf-4fcb-470e-9fdb-218ba199538f&#8221; title_font_size=&#8221;25px&#8221; filter_font=&#8221;||||||||&#8221; filter_text_color=&#8221;gcid-22a908cf-4fcb-470e-9fdb-218ba199538f&#8221; caption_font=&#8221;-et_global_body_font||||||||&#8221; caption_text_align=&#8221;center&#8221; caption_text_color=&#8221;gcid-22a908cf-4fcb-470e-9fdb-218ba199538f&#8221; custom_padding=&#8221;||0px|||&#8221; title_font_size_tablet=&#8221;20px&#8221; title_font_size_phone=&#8221;20px&#8221; title_font_size_last_edited=&#8221;on|phone&#8221; title_line_height_tablet=&#8221;1.3em&#8221; title_line_height_phone=&#8221;1.3em&#8221; title_line_height_last_edited=&#8221;on|tablet&#8221; border_radii_image=&#8221;on|20px|20px|20px|20px&#8221; global_colors_info=&#8221;{%22gcid-22a908cf-4fcb-470e-9fdb-218ba199538f%22:%91%22title_text_color%22,%22caption_text_color%22,%22filter_text_color%22%93,%22gcid-b0af9cbb-8993-4995-81b0-ff5a8347cb53%22:%91%22filter_text_color__hover%22%93}&#8221; filter_text_color__hover_enabled=&#8221;on|desktop&#8221; filter_text_color__hover=&#8221;#f9af26&#8243;][\/et_pb_filterable_portfolio][\/et_pb_column][\/et_pb_row][et_pb_row custom_padding_last_edited=&#8221;on|phone&#8221; disabled_on=&#8221;off|off|off&#8221; _builder_version=&#8221;4.27.4&#8243; _module_preset=&#8221;default&#8221; width=&#8221;100%&#8221; max_width=&#8221;100%&#8221; custom_padding=&#8221;50px||50px||true|false&#8221; custom_padding_tablet=&#8221;50px||30px||false|false&#8221; custom_padding_phone=&#8221;||20px||false|false&#8221; background_enable_image_phone=&#8221;off&#8221; global_colors_info=&#8221;{}&#8221;][et_pb_column type=&#8221;4_4&#8243; _builder_version=&#8221;4.27.4&#8243; _module_preset=&#8221;default&#8221; global_colors_info=&#8221;{}&#8221;][et_pb_image src=&#8221;https:\/\/hotelzurpost.co.at\/wp-content\/uploads\/2025\/05\/line-Konvertiert-scaled.png&#8221; title_text=&#8221;125447&#8243; src_tablet=&#8221;https:\/\/hotelzurpost.co.at\/wp-content\/uploads\/2025\/05\/line-Konvertiert-scaled.png&#8221; src_phone=&#8221;https:\/\/hotelzurpost.co.at\/wp-content\/uploads\/2025\/05\/125447.png&#8221; src_last_edited=&#8221;on|phone&#8221; _builder_version=&#8221;4.27.4&#8243; _module_preset=&#8221;default&#8221; global_colors_info=&#8221;{}&#8221;][\/et_pb_image][\/et_pb_column][\/et_pb_row][\/et_pb_section][et_pb_section fb_built=&#8221;1&#8243; _builder_version=&#8221;4.27.4&#8243; _module_preset=&#8221;default&#8221; background_size=&#8221;contain&#8221; background_position=&#8221;bottom_center&#8221; background_vertical_offset=&#8221;94%&#8221; background_blend=&#8221;multiply&#8221; custom_margin=&#8221;1px|||||&#8221; custom_padding=&#8221;50px||2px||false|false&#8221; global_colors_info=&#8221;{}&#8221;][et_pb_row _builder_version=&#8221;4.27.4&#8243; _module_preset=&#8221;default&#8221; width=&#8221;70%&#8221; width_tablet=&#8221;85%&#8221; width_phone=&#8221;85%&#8221; width_last_edited=&#8221;on|phone&#8221; max_width=&#8221;100%&#8221; custom_padding=&#8221;0px|||||&#8221; global_colors_info=&#8221;{}&#8221; width__hover_enabled=&#8221;off|desktop&#8221;][et_pb_column type=&#8221;4_4&#8243; _builder_version=&#8221;4.27.4&#8243; _module_preset=&#8221;default&#8221; global_colors_info=&#8221;{}&#8221;][et_pb_text _builder_version=&#8221;4.27.4&#8243; _module_preset=&#8221;3263c9d5-3722-4752-ba0d-65081f7aca6e&#8221; custom_margin=&#8221;||50px|||&#8221; global_colors_info=&#8221;{}&#8221;]<\/p>\n<h2>Cz\u0119sto zadawane pytania dotycz\u0105ce naszych pokoi<\/h2>\n<p>[\/et_pb_text][dsm_faq dsm_accordion_gap=&#8221;20px&#8221; dsm_open_faq_item=&#8221;on&#8221; dsm_open_font_icon=&#8221;&#x43;||divi||400&#8243; dsm_close_font_icon=&#8221;&#x45;||divi||400&#8243; _builder_version=&#8221;4.27.4&#8243; _module_preset=&#8221;78fa9eb7-5d58-4fab-8d22-750bed95fc53&#8243; global_module=&#8221;25625&#8243; saved_tabs=&#8221;all&#8221; global_colors_info=&#8221;{%22gcid-22a908cf-4fcb-470e-9fdb-218ba199538f%22:%91%22dsm_open_icon_color%22,%22dsm_close_icon_color%22%93}&#8221;][dsm_faq_child dsm_title=&#8221;Czy wszystkie pokoje maj\u0105 balkon?&#8221; dsm_content=&#8221;Nie wszystkie - nasze standardowe pokoje Mirnock nie maj\u0105 balkonu. Jednak wi\u0119kszo\u015b\u0107 naszych pokoi posiada balkon. &#8221; _builder_version=&#8221;4.27.4&#8243; _module_preset=&#8221;default&#8221; border_radii=&#8221;on|10px|10px|10px|10px&#8221; border_color_all=&#8221;gcid-b0af9cbb-8993-4995-81b0-ff5a8347cb53&#8243; global_colors_info=&#8221;{%22gcid-b0af9cbb-8993-4995-81b0-ff5a8347cb53%22:%91%22border_color_all%22%93}&#8221; parentOrderClass=&#8221;dsm_faq_0&#8243;][\/dsm_faq_child][dsm_faq_child dsm_title=&#8221;Czy w pokoju znajduj\u0105 si\u0119 r\u0119czniki i szlafroki?&#8221; dsm_content=&#8221;R\u0119czniki k\u0105pielowe i pla\u017cowe znajduj\u0105 si\u0119 bezpo\u015brednio w pokoju. Szlafroki mo\u017cna wypo\u017cyczy\u0107 za niewielk\u0105 op\u0142at\u0105 w wysoko\u015bci 8 \u20ac. &#8221; _builder_version=&#8221;4.27.4&#8243; _module_preset=&#8221;default&#8221; border_radii=&#8221;on|10px|10px|10px|10px&#8221; border_color_all=&#8221;gcid-b0af9cbb-8993-4995-81b0-ff5a8347cb53&#8243; global_colors_info=&#8221;{%22gcid-b0af9cbb-8993-4995-81b0-ff5a8347cb53%22:%91%22border_color_all%22%93}&#8221; parentOrderClass=&#8221;dsm_faq_0&#8243;][\/dsm_faq_child][dsm_faq_child dsm_title=&#8221;Czy pokoje s\u0105 sprz\u0105tane codziennie?&#8221; dsm_content=&#8221;<\/p>\n<p>Nie, ze wzgl\u0119du na \u015brodowisko (i nasz zesp\u00f3\u0142) sprz\u0105tamy co dwa dni. Je\u015bli potrzebujesz czego\u015b w mi\u0119dzyczasie, po prostu daj nam zna\u0107 - zajmiemy si\u0119 tym. <\/p>\n<p>&#8221; _builder_version=&#8221;4.27.4&#8243; _module_preset=&#8221;default&#8221; border_radii=&#8221;on|10px|10px|10px|10px&#8221; border_color_all=&#8221;gcid-b0af9cbb-8993-4995-81b0-ff5a8347cb53&#8243; global_colors_info=&#8221;{%22gcid-b0af9cbb-8993-4995-81b0-ff5a8347cb53%22:%91%22border_color_all%22%93}&#8221; parentOrderClass=&#8221;dsm_faq_0&#8243;][\/dsm_faq_child][dsm_faq_child dsm_title=&#8221;Czy w pokojach jest klimatyzacja?&#8221; dsm_content=&#8221;<\/p>\n<p>Nie, nasze pokoje nie s\u0105 klimatyzowane. Ale wi\u0119kszo\u015b\u0107 z nich ma pi\u0119kne, przestronne balkony. <\/p>\n<p>&#8221; _builder_version=&#8221;4.27.4&#8243; _module_preset=&#8221;default&#8221; border_radii=&#8221;on|10px|10px|10px|10px&#8221; border_color_all=&#8221;gcid-b0af9cbb-8993-4995-81b0-ff5a8347cb53&#8243; global_colors_info=&#8221;{%22gcid-b0af9cbb-8993-4995-81b0-ff5a8347cb53%22:%91%22border_color_all%22%93}&#8221; parentOrderClass=&#8221;dsm_faq_0&#8243;][\/dsm_faq_child][dsm_faq_child dsm_title=&#8221;Czy pokoje wyposa\u017cone s\u0105 w minibar lub lod\u00f3wk\u0119?&#8221; dsm_content=&#8221;Nie, w pokojach nie ma minibaru ani lod\u00f3wki.&#8221; _builder_version=&#8221;4.27.4&#8243; _module_preset=&#8221;default&#8221; border_radii=&#8221;on|10px|10px|10px|10px&#8221; border_color_all=&#8221;gcid-b0af9cbb-8993-4995-81b0-ff5a8347cb53&#8243; global_colors_info=&#8221;{%22gcid-b0af9cbb-8993-4995-81b0-ff5a8347cb53%22:%91%22border_color_all%22%93}&#8221; parentOrderClass=&#8221;dsm_faq_0&#8243;][\/dsm_faq_child][dsm_faq_child dsm_title=&#8221;Czy w pokoju mo\u017cna pali\u0107?&#8221; dsm_content=&#8221;Nie w pokoju - ale bardzo szcz\u0119\u015bliwy na balkonie.&#8221; _builder_version=&#8221;4.27.4&#8243; _module_preset=&#8221;default&#8221; border_radii=&#8221;on|10px|10px|10px|10px&#8221; border_color_all=&#8221;gcid-b0af9cbb-8993-4995-81b0-ff5a8347cb53&#8243; global_colors_info=&#8221;{%22gcid-b0af9cbb-8993-4995-81b0-ff5a8347cb53%22:%91%22border_color_all%22%93}&#8221; parentOrderClass=&#8221;dsm_faq_0&#8243;][\/dsm_faq_child][\/dsm_faq][\/et_pb_column][\/et_pb_row][\/et_pb_section]<\/p>\n","protected":false},"excerpt":{"rendered":"<p>Pok\u00f3j hotelowy w hotelu zur PostNiezale\u017cnie od tego, czy wolisz przytulny pok\u00f3j dwuosobowy, czy przestronny pok\u00f3j rodzinny - w hotelu zur Post znajdziesz idealne miejsce na wakacje. Nasze pokoje s\u0105 pi\u0119knie urz\u0105dzone, aby\u015b poczu\u0142 si\u0119 jak w domu od pierwszej chwili. Niekt\u00f3re z nich dysponuj\u0105 nawet balkonem - idealnym do rozkoszowania si\u0119 \u015bwie\u017cym karynckim powietrzem i widokiem na przyrod\u0119 przy lampce wina lub fili\u017cance herbaty. Pok\u00f3j dwuosobowy na pobytPok\u00f3j rodzinny na wsp\u00f3lne chwileCz\u0119sto zadawane pytania dotycz\u0105ce naszych pokoi<div class=\"et_pb_module dsm_faq dsm_faq_0\">\n\t\t\t\t\n\t\t\t\t\n\t\t\t\t\n\t\t\t\t\n\t\t\t\t\n\t\t\t\t\n\t\t\t\t<div class=\"et_pb_module_inner\">\n\t\t\t\t\t<div class=\"dsm-faq-container dsm-front\" data-accordion=\"off\" data-open_first_item=\"on\">\n\t\t\t\t<div class=\"dsm_faq_child_0 dsm-faq-item-wrapper\">\n\t\t\t\t<div class=\"dsm-title-wrapper\">\n\t\t\t\t <div class=\"dsm-title-inner-wrapper\">\n\t\t\t\t   <div class=\"dsm_open_icon\"><span>C<\/span><\/div>\n\t\t\t\t   <div class=\"dsm_close_icon\"><span>E<\/span><\/div>\n\t\t\t\t   \n\t\t\t\t   \n\t\t\t\t   <h3 class=\"dsm-faq-title\">Czy wszystkie pokoje maj\u0105 balkon?<\/h3>\n\t\t\t\t <\/div> \n\t\t\t\t <div class=\"dsm-faq-item-inner-wrapper\">\n\t\t\t\t   \n\t\t\t\t   \n\t\t\t\t   \n\t\t\t\t   \n\t\t\t\t <\/div>\n\t\t\t\t<\/div>\n\t\t\t\t<div class=\"dsm-faq-content\">Nie wszystkie - nasze standardowe pokoje Mirnock nie maj\u0105 balkonu. Jednak wi\u0119kszo\u015b\u0107 naszych pokoi posiada balkon. <\/div>\n\t\t\t <\/div>\n\t\t\t<div class=\"dsm_faq_child_1 dsm-faq-item-wrapper\">\n\t\t\t\t<div class=\"dsm-title-wrapper\">\n\t\t\t\t <div class=\"dsm-title-inner-wrapper\">\n\t\t\t\t   <div class=\"dsm_open_icon\"><span>C<\/span><\/div>\n\t\t\t\t   <div class=\"dsm_close_icon\"><span>E<\/span><\/div>\n\t\t\t\t   \n\t\t\t\t   \n\t\t\t\t   <h3 class=\"dsm-faq-title\">Czy w pokoju znajduj\u0105 si\u0119 r\u0119czniki i szlafroki?<\/h3>\n\t\t\t\t <\/div> \n\t\t\t\t <div class=\"dsm-faq-item-inner-wrapper\">\n\t\t\t\t   \n\t\t\t\t   \n\t\t\t\t   \n\t\t\t\t   \n\t\t\t\t <\/div>\n\t\t\t\t<\/div>\n\t\t\t\t<div class=\"dsm-faq-content\">R\u0119czniki k\u0105pielowe i pla\u017cowe znajduj\u0105 si\u0119 bezpo\u015brednio w pokoju. Szlafroki mo\u017cna wypo\u017cyczy\u0107 za niewielk\u0105 op\u0142at\u0105 w wysoko\u015bci 8 \u20ac. <\/div>\n\t\t\t <\/div>\n\t\t\t<div class=\"dsm_faq_child_2 dsm-faq-item-wrapper\">\n\t\t\t\t<div class=\"dsm-title-wrapper\">\n\t\t\t\t <div class=\"dsm-title-inner-wrapper\">\n\t\t\t\t   <div class=\"dsm_open_icon\"><span>C<\/span><\/div>\n\t\t\t\t   <div class=\"dsm_close_icon\"><span>E<\/span><\/div>\n\t\t\t\t   \n\t\t\t\t   \n\t\t\t\t   <h3 class=\"dsm-faq-title\">Czy pokoje s\u0105 sprz\u0105tane codziennie?<\/h3>\n\t\t\t\t <\/div> \n\t\t\t\t <div class=\"dsm-faq-item-inner-wrapper\">\n\t\t\t\t   \n\t\t\t\t   \n\t\t\t\t   \n\t\t\t\t   \n\t\t\t\t <\/div>\n\t\t\t\t<\/div>\n\t\t\t\t<div class=\"dsm-faq-content\"><\/p>\n<p>Nie, ze wzgl\u0119du na \u015brodowisko (i nasz zesp\u00f3\u0142) sprz\u0105tamy co dwa dni. Je\u015bli potrzebujesz czego\u015b w mi\u0119dzyczasie, po prostu daj nam zna\u0107 - zajmiemy si\u0119 tym. <\/p>\n<p><\/div>\n\t\t\t <\/div>\n\t\t\t<div class=\"dsm_faq_child_3 dsm-faq-item-wrapper\">\n\t\t\t\t<div class=\"dsm-title-wrapper\">\n\t\t\t\t <div class=\"dsm-title-inner-wrapper\">\n\t\t\t\t   <div class=\"dsm_open_icon\"><span>C<\/span><\/div>\n\t\t\t\t   <div class=\"dsm_close_icon\"><span>E<\/span><\/div>\n\t\t\t\t   \n\t\t\t\t   \n\t\t\t\t   <h3 class=\"dsm-faq-title\">Czy w pokojach jest klimatyzacja?<\/h3>\n\t\t\t\t <\/div> \n\t\t\t\t <div class=\"dsm-faq-item-inner-wrapper\">\n\t\t\t\t   \n\t\t\t\t   \n\t\t\t\t   \n\t\t\t\t   \n\t\t\t\t <\/div>\n\t\t\t\t<\/div>\n\t\t\t\t<div class=\"dsm-faq-content\"><\/p>\n<p>Nie, nasze pokoje nie s\u0105 klimatyzowane. Ale wi\u0119kszo\u015b\u0107 z nich ma pi\u0119kne, przestronne balkony. <\/p>\n<p><\/div>\n\t\t\t <\/div>\n\t\t\t<div class=\"dsm_faq_child_4 dsm-faq-item-wrapper\">\n\t\t\t\t<div class=\"dsm-title-wrapper\">\n\t\t\t\t <div class=\"dsm-title-inner-wrapper\">\n\t\t\t\t   <div class=\"dsm_open_icon\"><span>C<\/span><\/div>\n\t\t\t\t   <div class=\"dsm_close_icon\"><span>E<\/span><\/div>\n\t\t\t\t   \n\t\t\t\t   \n\t\t\t\t   <h3 class=\"dsm-faq-title\">Czy pokoje wyposa\u017cone s\u0105 w minibar lub lod\u00f3wk\u0119?<\/h3>\n\t\t\t\t <\/div> \n\t\t\t\t <div class=\"dsm-faq-item-inner-wrapper\">\n\t\t\t\t   \n\t\t\t\t   \n\t\t\t\t   \n\t\t\t\t   \n\t\t\t\t <\/div>\n\t\t\t\t<\/div>\n\t\t\t\t<div class=\"dsm-faq-content\">Nie, w pokojach nie ma minibaru ani lod\u00f3wki.<\/div>\n\t\t\t <\/div>\n\t\t\t<div class=\"dsm_faq_child_5 dsm-faq-item-wrapper\">\n\t\t\t\t<div class=\"dsm-title-wrapper\">\n\t\t\t\t <div class=\"dsm-title-inner-wrapper\">\n\t\t\t\t   <div class=\"dsm_open_icon\"><span>C<\/span><\/div>\n\t\t\t\t   <div class=\"dsm_close_icon\"><span>E<\/span><\/div>\n\t\t\t\t   \n\t\t\t\t   \n\t\t\t\t   <h3 class=\"dsm-faq-title\">Czy w pokoju mo\u017cna pali\u0107?<\/h3>\n\t\t\t\t <\/div> \n\t\t\t\t <div class=\"dsm-faq-item-inner-wrapper\">\n\t\t\t\t   \n\t\t\t\t   \n\t\t\t\t   \n\t\t\t\t   \n\t\t\t\t <\/div>\n\t\t\t\t<\/div>\n\t\t\t\t<div class=\"dsm-faq-content\">Nie w pokoju - ale bardzo szcz\u0119\u015bliwy na balkonie.<\/div>\n\t\t\t <\/div>\n\t\t\t\n\t\t\t <\/div>\n\t\t\t \n\t\t\t\n\t\t\t\t<\/div>\n\t\t\t<\/div><div class=\"dsm_faq_child_6 dsm-faq-item-wrapper\">\n\t\t\t\t<div class=\"dsm-title-wrapper\">\n\t\t\t\t <div class=\"dsm-title-inner-wrapper\">\n\t\t\t\t   <div class=\"dsm_open_icon\"><span>C<\/span><\/div>\n\t\t\t\t   <div class=\"dsm_close_icon\"><span>E<\/span><\/div>\n\t\t\t\t   \n\t\t\t\t   \n\t\t\t\t   <h3 class=\"dsm-faq-title\">Czy wszystkie pokoje maj\u0105 balkon?<\/h3>\n\t\t\t\t <\/div> \n\t\t\t\t <div class=\"dsm-faq-item-inner-wrapper\">\n\t\t\t\t   \n\t\t\t\t   \n\t\t\t\t   \n\t\t\t\t   \n\t\t\t\t <\/div>\n\t\t\t\t<\/div>\n\t\t\t\t<div class=\"dsm-faq-content\">Nie wszystkie - nasze standardowe pokoje Mirnock nie maj\u0105 balkonu. Jednak wi\u0119kszo\u015b\u0107 naszych pokoi posiada balkon. <\/div>\n\t\t\t <\/div>\n\t\t\t<div class=\"dsm_faq_child_7 dsm-faq-item-wrapper\">\n\t\t\t\t<div class=\"dsm-title-wrapper\">\n\t\t\t\t <div class=\"dsm-title-inner-wrapper\">\n\t\t\t\t   <div class=\"dsm_open_icon\"><span>C<\/span><\/div>\n\t\t\t\t   <div class=\"dsm_close_icon\"><span>E<\/span><\/div>\n\t\t\t\t   \n\t\t\t\t   \n\t\t\t\t   <h3 class=\"dsm-faq-title\">Czy w pokoju znajduj\u0105 si\u0119 r\u0119czniki i szlafroki?<\/h3>\n\t\t\t\t <\/div> \n\t\t\t\t <div class=\"dsm-faq-item-inner-wrapper\">\n\t\t\t\t   \n\t\t\t\t   \n\t\t\t\t   \n\t\t\t\t   \n\t\t\t\t <\/div>\n\t\t\t\t<\/div>\n\t\t\t\t<div class=\"dsm-faq-content\">R\u0119czniki k\u0105pielowe i pla\u017cowe znajduj\u0105 si\u0119 bezpo\u015brednio w pokoju. Szlafroki mo\u017cna wypo\u017cyczy\u0107 za niewielk\u0105 op\u0142at\u0105 w wysoko\u015bci 8 \u20ac. <\/div>\n\t\t\t <\/div>\n\t\t\t<div class=\"dsm_faq_child_8 dsm-faq-item-wrapper\">\n\t\t\t\t<div class=\"dsm-title-wrapper\">\n\t\t\t\t <div class=\"dsm-title-inner-wrapper\">\n\t\t\t\t   <div class=\"dsm_open_icon\"><span>C<\/span><\/div>\n\t\t\t\t   <div class=\"dsm_close_icon\"><span>E<\/span><\/div>\n\t\t\t\t   \n\t\t\t\t   \n\t\t\t\t   <h3 class=\"dsm-faq-title\">Czy pokoje s\u0105 sprz\u0105tane codziennie?<\/h3>\n\t\t\t\t <\/div> \n\t\t\t\t <div class=\"dsm-faq-item-inner-wrapper\">\n\t\t\t\t   \n\t\t\t\t   \n\t\t\t\t   \n\t\t\t\t   \n\t\t\t\t <\/div>\n\t\t\t\t<\/div>\n\t\t\t\t<div class=\"dsm-faq-content\"> Nie, ze wzgl\u0119du na \u015brodowisko (i nasz zesp\u00f3\u0142) sprz\u0105tamy co dwa dni. Je\u015bli potrzebujesz czego\u015b w mi\u0119dzyczasie, po prostu daj nam zna\u0107 - zajmiemy si\u0119 tym. <\/div>\n\t\t\t <\/div>\n\t\t\t<div class=\"dsm_faq_child_9 dsm-faq-item-wrapper\">\n\t\t\t\t<div class=\"dsm-title-wrapper\">\n\t\t\t\t <div class=\"dsm-title-inner-wrapper\">\n\t\t\t\t   <div class=\"dsm_open_icon\"><span>C<\/span><\/div>\n\t\t\t\t   <div class=\"dsm_close_icon\"><span>E<\/span><\/div>\n\t\t\t\t   \n\t\t\t\t   \n\t\t\t\t   <h3 class=\"dsm-faq-title\">&#8221;Czy<\/h3>\n\t\t\t\t <\/div> \n\t\t\t\t <div class=\"dsm-faq-item-inner-wrapper\">\n\t\t\t\t   \n\t\t\t\t   \n\t\t\t\t   \n\t\t\t\t   \n\t\t\t\t <\/div>\n\t\t\t\t<\/div>\n\t\t\t\t<div class=\"dsm-faq-content\">&#8221;<\/div>\n\t\t\t <\/div>\n\t\t\t<\/p>\n","protected":false},"author":2,"featured_media":0,"parent":0,"menu_order":0,"comment_status":"closed","ping_status":"closed","template":"","meta":{"_et_pb_use_builder":"on","_et_pb_old_content":"","_et_gb_content_width":"","footnotes":""},"class_list":["post-27259","page","type-page","status-publish","hentry"],"_links":{"self":[{"href":"https:\/\/hotelzurpost.co.at\/pl\/wp-json\/wp\/v2\/pages\/27259","targetHints":{"allow":["GET"]}}],"collection":[{"href":"https:\/\/hotelzurpost.co.at\/pl\/wp-json\/wp\/v2\/pages"}],"about":[{"href":"https:\/\/hotelzurpost.co.at\/pl\/wp-json\/wp\/v2\/types\/page"}],"author":[{"embeddable":true,"href":"https:\/\/hotelzurpost.co.at\/pl\/wp-json\/wp\/v2\/users\/2"}],"replies":[{"embeddable":true,"href":"https:\/\/hotelzurpost.co.at\/pl\/wp-json\/wp\/v2\/comments?post=27259"}],"version-history":[{"count":2,"href":"https:\/\/hotelzurpost.co.at\/pl\/wp-json\/wp\/v2\/pages\/27259\/revisions"}],"predecessor-version":[{"id":27266,"href":"https:\/\/hotelzurpost.co.at\/pl\/wp-json\/wp\/v2\/pages\/27259\/revisions\/27266"}],"wp:attachment":[{"href":"https:\/\/hotelzurpost.co.at\/pl\/wp-json\/wp\/v2\/media?parent=27259"}],"curies":[{"name":"wp","href":"https:\/\/api.w.org\/{rel}","templated":true}]}}