{"id":27258,"date":"2025-05-12T06:51:34","date_gmt":"2025-05-12T04:51:34","guid":{"rendered":"https:\/\/hotelzurpost.co.at\/rower\/"},"modified":"2026-01-26T14:16:03","modified_gmt":"2026-01-26T12:16:03","slug":"rower","status":"publish","type":"page","link":"https:\/\/hotelzurpost.co.at\/pl\/rower\/","title":{"rendered":"Rower"},"content":{"rendered":"<p>[et_pb_section fb_built=&#8221;1&#8243; custom_padding_last_edited=&#8221;on|desktop&#8221; _builder_version=&#8221;4.27.4&#8243; _module_preset=&#8221;default&#8221; background_enable_color=&#8221;off&#8221; use_background_color_gradient=&#8221;on&#8221; background_color_gradient_stops=&#8221;#ffffff 79%|rgba(58,58,59,0.6) 100%&#8221; background_image=&#8221;https:\/\/hotelzurpost.co.at\/wp-content\/uploads\/2025\/06\/FlowCountryTrail_BadKleinkirchheim_MBN_\u00a9FRANZGERDL_1-scaled.jpg&#8221; background_position=&#8221;bottom_center&#8221; background_vertical_offset=&#8221;50%&#8221; background_blend=&#8221;multiply&#8221; width=&#8221;100%&#8221; height=&#8221;730px&#8221; height_tablet=&#8221;370px&#8221; height_phone=&#8221;240px&#8221; height_last_edited=&#8221;on|phone&#8221; custom_padding=&#8221;||0px||false|false&#8221; custom_padding_tablet=&#8221;|||0px|false|false&#8221; custom_padding_phone=&#8221;50px||0px|0px|false|false&#8221; background_last_edited=&#8221;on|tablet&#8221; use_background_color_gradient_tablet=&#8221;on&#8221; background_color_gradient_stops_tablet=&#8221;#ffffff 55%|rgba(58,58,59,0.6) 69%&#8221; global_colors_info=&#8221;{}&#8221;][\/et_pb_section][et_pb_section fb_built=&#8221;1&#8243; _builder_version=&#8221;4.27.4&#8243; _module_preset=&#8221;default&#8221; background_color=&#8221;rgba(0,117,137,0.1)&#8221; custom_padding=&#8221;0px||0px||false|false&#8221; global_colors_info=&#8221;{}&#8221;][et_pb_row _builder_version=&#8221;4.27.4&#8243; _module_preset=&#8221;default&#8221; background_color=&#8221;gcid-22a908cf-4fcb-470e-9fdb-218ba199538f&#8221; width=&#8221;100%&#8221; max_width=&#8221;100%&#8221; custom_padding=&#8221;29px||19px|||&#8221; global_colors_info=&#8221;{%22gcid-22a908cf-4fcb-470e-9fdb-218ba199538f%22:%91%22background_color%22%93}&#8221;][et_pb_column type=&#8221;4_4&#8243; _builder_version=&#8221;4.27.4&#8243; _module_preset=&#8221;default&#8221; global_colors_info=&#8221;{}&#8221;][et_pb_text _builder_version=&#8221;4.27.4&#8243; _module_preset=&#8221;1b9ff88c-8403-4761-a812-f191bbcf616b&#8221; global_colors_info=&#8221;{}&#8221;]<\/p>\n<h1>Aktywno\u015b\u0107 na drodze<\/h1>\n<p>[\/et_pb_text][\/et_pb_column][\/et_pb_row][et_pb_row _builder_version=&#8221;4.27.4&#8243; _module_preset=&#8221;default&#8221; background_enable_color=&#8221;off&#8221; max_width=&#8221;100%&#8221; custom_padding=&#8221;30px||0px|||&#8221; global_colors_info=&#8221;{}&#8221;][et_pb_column type=&#8221;4_4&#8243; _builder_version=&#8221;4.27.4&#8243; _module_preset=&#8221;default&#8221; global_colors_info=&#8221;{}&#8221;][et_pb_text _builder_version=&#8221;4.27.4&#8243; _module_preset=&#8221;3263c9d5-3722-4752-ba0d-65081f7aca6e&#8221; width=&#8221;90%&#8221; module_alignment=&#8221;center&#8221; custom_padding=&#8221;||14px||false|false&#8221; global_colors_info=&#8221;{}&#8221;]<\/p>\n<h2>Rowerowe wakacje mi\u0119dzy jeziorem a g\u00f3rami<\/h2>\n<p>[\/et_pb_text][et_pb_text _builder_version=&#8221;4.27.4&#8243; _module_preset=&#8221;84304942-4737-4169-92ab-4f437c0ed3a4&#8243; custom_margin=&#8221;1px||50px||false|false&#8221; custom_margin_phone=&#8221;||40px||false|false&#8221; custom_padding_phone=&#8221;|0px||0px|false|true&#8221; global_colors_info=&#8221;{}&#8221; theme_builder_area=&#8221;post_content&#8221;]<\/p>\n<p>Niezale\u017cnie od tego, czy szukasz <strong>sportowych wyzwa\u0144<\/strong>, relaksuj\u0105cego <strong>widoku na jezioro<\/strong> czy dzikich <strong>szlak\u00f3w<\/strong> - wok\u00f3\u0142 <strong>D\u00f6briach<\/strong> i <strong>jeziora Millst\u00e4tter<\/strong> See czekaj\u0105 na Ciebie niezliczone mo\u017cliwo\u015bci. G\u00f3ry Nockberge i region oferuj\u0105 fantastyczne warunki do uprawiania <strong>kolarstwa g\u00f3rskiego<\/strong>, <strong>kolarstwa szutrowego<\/strong> i <strong>wycieczek rekreacyjnych<\/strong>. <\/p>\n<p>Gotowy na kolejne do\u015bwiadczenie? <strong>Kliknij tutaj<\/strong>:<\/p>\n<p>[\/et_pb_text][\/et_pb_column][\/et_pb_row][et_pb_row column_structure=&#8221;1_3,1_3,1_3&#8243; use_custom_gutter=&#8221;on&#8221; gutter_width=&#8221;1&#8243; _builder_version=&#8221;4.27.4&#8243; _module_preset=&#8221;default&#8221; background_enable_color=&#8221;off&#8221; max_width=&#8221;100%&#8221; custom_padding=&#8221;0px||100px||false|false&#8221; global_colors_info=&#8221;{}&#8221;][et_pb_column type=&#8221;1_3&#8243; _builder_version=&#8221;4.27.4&#8243; _module_preset=&#8221;default&#8221; global_colors_info=&#8221;{}&#8221;][et_pb_image src=&#8221;https:\/\/hotelzurpost.co.at\/wp-content\/uploads\/2025\/08\/HZP-Mountainbike.png&#8221; title_text=&#8221;Rower g\u00f3rski HZP&#8221; _builder_version=&#8221;4.27.4&#8243; _module_preset=&#8221;default&#8221; width=&#8221;75%&#8221; width_tablet=&#8221;65%&#8221; width_phone=&#8221;90%&#8221; width_last_edited=&#8221;on|phone&#8221; module_alignment=&#8221;center&#8221; custom_margin=&#8221;||||false|false&#8221; custom_padding=&#8221;||40px||false|false&#8221; animation_style=&#8221;slide&#8221; module_alignment_tablet=&#8221;center&#8221; module_alignment_phone=&#8221;center&#8221; module_alignment_last_edited=&#8221;on|tablet&#8221; global_colors_info=&#8221;{}&#8221;][\/et_pb_image][et_pb_button button_url=&#8221;@ET-DC@eyJkeW5hbWljIjp0cnVlLCJjb250ZW50IjoicG9zdF9saW5rX3VybF9wYWdlIiwic2V0dGluZ3MiOnsicG9zdF9pZCI6IjgxNCIsImVuYWJsZV9odG1sIjoib2ZmIn19@&#8221; button_text=&#8221;Rower g\u00f3rski&#8221; button_alignment=&#8221;center&#8221; module_class=&#8221;button-parallel&#8221; _builder_version=&#8221;4.27.4&#8243; _dynamic_attributes=&#8221;button_url&#8221; _module_preset=&#8221;default&#8221; custom_button=&#8221;on&#8221; button_text_size=&#8221;22px&#8221; button_text_color=&#8221;#FFFFFF&#8221; button_border_width=&#8221;0px&#8221; button_border_radius=&#8221;0px&#8221; button_letter_spacing=&#8221;0px&#8221; button_font=&#8221;-et_global_heading_font|700||on|||||&#8221; button_on_hover=&#8221;off&#8221; custom_margin=&#8221;||||false|false&#8221; custom_padding=&#8221;|40px||40px|false|true&#8221; animation_style=&#8221;fade&#8221; custom_css_before=&#8221; display: block;||     opacity: 1;||     content: &#8221;;||     position: absolute;||     width: 100%;||     height: 100%;||     background: #007589; \/* Wunschfarbe anpassen *\/||     transform: skew(30deg); \/* Winkel f\u00fcr Parallelogramm *\/||     top: 0;||     right: 0;||     z-index: -1;||     &#8221; global_colors_info=&#8221;{%22gcid-22a908cf-4fcb-470e-9fdb-218ba199538f%22:%91%22box_shadow_color%22,%22button_text_color__hover%22%93}&#8221; button_bg_color__hover_enabled=&#8221;off|hover&#8221; button_bg_enable_color__hover=&#8221;on&#8221; button_text_color__hover_enabled=&#8221;on|desktop&#8221; button_text_color__hover=&#8221;#007589&#8243; custom_css_before__hover_enabled=&#8221;on|desktop&#8221; custom_css_before__hover=&#8221;background: #f9af26;&#8221;][\/et_pb_button][\/et_pb_column][et_pb_column type=&#8221;1_3&#8243; _builder_version=&#8221;4.27.4&#8243; _module_preset=&#8221;default&#8221; custom_padding_tablet=&#8221;100px||||false|false&#8221; custom_padding_phone=&#8221;100px||||false|false&#8221; custom_padding_last_edited=&#8221;on|tablet&#8221; global_colors_info=&#8221;{}&#8221;][et_pb_image src=&#8221;https:\/\/hotelzurpost.co.at\/wp-content\/uploads\/2025\/08\/HZP-Nockbike-Region.png&#8221; title_text=&#8221;Region HZP-Nockbike&#8221; _builder_version=&#8221;4.27.4&#8243; _module_preset=&#8221;default&#8221; width=&#8221;69.4%&#8221; width_tablet=&#8221;60%&#8221; width_phone=&#8221;90%&#8221; width_last_edited=&#8221;on|phone&#8221; module_alignment=&#8221;center&#8221; custom_margin=&#8221;||||false|false&#8221; custom_padding=&#8221;||36px||false|false&#8221; animation_style=&#8221;slide&#8221; module_alignment_tablet=&#8221;center&#8221; module_alignment_phone=&#8221;center&#8221; module_alignment_last_edited=&#8221;on|tablet&#8221; global_colors_info=&#8221;{}&#8221;][\/et_pb_image][et_pb_button button_url=&#8221;@ET-DC@eyJkeW5hbWljIjp0cnVlLCJjb250ZW50IjoicG9zdF9saW5rX3VybF9wYWdlIiwic2V0dGluZ3MiOnsicG9zdF9pZCI6IjI0ODQwIiwiZW5hYmxlX2h0bWwiOiJvZmYifX0=@&#8221; button_text=&#8221;Region Nockbike&#8221; button_alignment=&#8221;center&#8221; module_class=&#8221;button-parallel&#8221; _builder_version=&#8221;4.27.4&#8243; _dynamic_attributes=&#8221;button_url&#8221; _module_preset=&#8221;default&#8221; custom_button=&#8221;on&#8221; button_text_size=&#8221;22px&#8221; button_text_color=&#8221;#FFFFFF&#8221; button_border_width=&#8221;0px&#8221; button_border_radius=&#8221;0px&#8221; button_letter_spacing=&#8221;0px&#8221; button_font=&#8221;-et_global_heading_font|700||on|||||&#8221; button_on_hover=&#8221;off&#8221; custom_margin=&#8221;||||false|false&#8221; custom_margin_tablet=&#8221;||||false|false&#8221; custom_margin_phone=&#8221;|25px||25px|false|true&#8221; custom_margin_last_edited=&#8221;on|phone&#8221; custom_padding=&#8221;|40px||40px|false|true&#8221; custom_padding_tablet=&#8221;|40px||40px|false|true&#8221; custom_padding_phone=&#8221;|32px||32px|false|true&#8221; custom_padding_last_edited=&#8221;on|phone&#8221; animation_style=&#8221;fade&#8221; custom_css_before=&#8221; display: block;||     opacity: 1;||     content: &#8221;;||     position: absolute;||     width: 100%;||     height: 100%;||     background: #007589; \/* Wunschfarbe anpassen *\/||     transform: skew(30deg); \/* Winkel f\u00fcr Parallelogramm *\/||     top: 0;||     right: 0;||     z-index: -1;||     &#8221; global_colors_info=&#8221;{%22gcid-22a908cf-4fcb-470e-9fdb-218ba199538f%22:%91%22box_shadow_color%22,%22button_text_color__hover%22%93}&#8221; button_bg_color__hover_enabled=&#8221;off|hover&#8221; button_bg_enable_color__hover=&#8221;on&#8221; button_text_color__hover_enabled=&#8221;on|desktop&#8221; button_text_color__hover=&#8221;#007589&#8243; custom_css_before__hover_enabled=&#8221;on|desktop&#8221; custom_css_before__hover=&#8221;background: #f9af26;&#8221;][\/et_pb_button][\/et_pb_column][et_pb_column type=&#8221;1_3&#8243; _builder_version=&#8221;4.27.4&#8243; _module_preset=&#8221;default&#8221; custom_padding_tablet=&#8221;100px||||false|false&#8221; custom_padding_phone=&#8221;100px||||false|false&#8221; custom_padding_last_edited=&#8221;on|tablet&#8221; global_colors_info=&#8221;{}&#8221;][et_pb_image src=&#8221;https:\/\/hotelzurpost.co.at\/wp-content\/uploads\/2025\/08\/HZP-Gravelbike.png&#8221; title_text=&#8221;Rower szutrowy HZP&#8221; _builder_version=&#8221;4.27.4&#8243; _module_preset=&#8221;default&#8221; width=&#8221;75%&#8221; width_tablet=&#8221;65%&#8221; width_phone=&#8221;90%&#8221; width_last_edited=&#8221;on|phone&#8221; module_alignment=&#8221;center&#8221; custom_margin=&#8221;||||false|false&#8221; custom_padding=&#8221;||34px||false|false&#8221; animation_style=&#8221;slide&#8221; module_alignment_tablet=&#8221;center&#8221; module_alignment_phone=&#8221;center&#8221; module_alignment_last_edited=&#8221;on|tablet&#8221; global_colors_info=&#8221;{}&#8221;][\/et_pb_image][et_pb_button button_url=&#8221;@ET-DC@eyJkeW5hbWljIjp0cnVlLCJjb250ZW50IjoicG9zdF9saW5rX3VybF9wYWdlIiwic2V0dGluZ3MiOnsicG9zdF9pZCI6IjEyMSIsImVuYWJsZV9odG1sIjoib2ZmIn19@&#8221; button_text=&#8221;Gravelbike&#8221; button_alignment=&#8221;center&#8221; module_class=&#8221;button-parallel&#8221; _builder_version=&#8221;4.27.4&#8243; _dynamic_attributes=&#8221;button_url&#8221; _module_preset=&#8221;default&#8221; custom_button=&#8221;on&#8221; button_text_size=&#8221;22px&#8221; button_text_color=&#8221;#FFFFFF&#8221; button_border_width=&#8221;0px&#8221; button_border_radius=&#8221;0px&#8221; button_letter_spacing=&#8221;0px&#8221; button_font=&#8221;-et_global_heading_font|700||on|||||&#8221; button_on_hover=&#8221;off&#8221; custom_margin=&#8221;||||false|false&#8221; custom_padding=&#8221;|40px||40px|false|true&#8221; animation_style=&#8221;fade&#8221; custom_css_before=&#8221; display: block;||     opacity: 1;||     content: &#8221;;||     position: absolute;||     width: 100%;||     height: 100%;||     background: #007589; \/* Wunschfarbe anpassen *\/||     transform: skew(30deg); \/* Winkel f\u00fcr Parallelogramm *\/||     top: 0;||     right: 0;||     z-index: -1;||     &#8221; global_colors_info=&#8221;{%22gcid-22a908cf-4fcb-470e-9fdb-218ba199538f%22:%91%22box_shadow_color%22,%22button_text_color__hover%22%93}&#8221; button_bg_color__hover_enabled=&#8221;off|hover&#8221; button_bg_enable_color__hover=&#8221;on&#8221; button_text_color__hover_enabled=&#8221;on|desktop&#8221; button_text_color__hover=&#8221;#007589&#8243; custom_css_before__hover_enabled=&#8221;on|desktop&#8221; custom_css_before__hover=&#8221;background: #f9af26;&#8221;][\/et_pb_button][\/et_pb_column][\/et_pb_row][et_pb_row custom_padding_last_edited=&#8221;on|phone&#8221; disabled_on=&#8221;off|off|off&#8221; _builder_version=&#8221;4.27.4&#8243; _module_preset=&#8221;default&#8221; width=&#8221;100%&#8221; max_width=&#8221;100%&#8221; custom_padding=&#8221;50px||50px||true|false&#8221; custom_padding_tablet=&#8221;50px||30px||false|false&#8221; custom_padding_phone=&#8221;||20px||false|false&#8221; background_enable_image_phone=&#8221;off&#8221; global_colors_info=&#8221;{}&#8221;][et_pb_column type=&#8221;4_4&#8243; _builder_version=&#8221;4.27.4&#8243; _module_preset=&#8221;default&#8221; global_colors_info=&#8221;{}&#8221;][et_pb_image src=&#8221;https:\/\/hotelzurpost.co.at\/wp-content\/uploads\/2025\/05\/line-Konvertiert-scaled.png&#8221; title_text=&#8221;125447&#8243; src_tablet=&#8221;https:\/\/hotelzurpost.co.at\/wp-content\/uploads\/2025\/05\/line-Konvertiert-scaled.png&#8221; src_phone=&#8221;https:\/\/hotelzurpost.co.at\/wp-content\/uploads\/2025\/05\/125447.png&#8221; src_last_edited=&#8221;on|phone&#8221; _builder_version=&#8221;4.27.4&#8243; _module_preset=&#8221;default&#8221; global_colors_info=&#8221;{}&#8221;][\/et_pb_image][\/et_pb_column][\/et_pb_row][\/et_pb_section]<\/p>\n","protected":false},"excerpt":{"rendered":"<p>Aktywno\u015b\u0107 na drodzeRowerowe wakacje mi\u0119dzy jeziorem a g\u00f3ramiNiezale\u017cnie od tego, czy szukasz sportowych wyzwa\u0144, relaksuj\u0105cego widoku na jezioro czy dzikich szlak\u00f3w - wok\u00f3\u0142 D\u00f6briach i jeziora Millst\u00e4tter See czekaj\u0105 na Ciebie niezliczone mo\u017cliwo\u015bci. G\u00f3ry Nockberge i region oferuj\u0105 fantastyczne warunki do uprawiania kolarstwa g\u00f3rskiego, kolarstwa szutrowego i wycieczek rekreacyjnych. Gotowy na kolejne do\u015bwiadczenie? Kliknij tutaj:<\/p>\n","protected":false},"author":2,"featured_media":0,"parent":0,"menu_order":0,"comment_status":"closed","ping_status":"closed","template":"","meta":{"_et_pb_use_builder":"on","_et_pb_old_content":"","_et_gb_content_width":"","footnotes":""},"class_list":["post-27258","page","type-page","status-publish","hentry"],"_links":{"self":[{"href":"https:\/\/hotelzurpost.co.at\/pl\/wp-json\/wp\/v2\/pages\/27258","targetHints":{"allow":["GET"]}}],"collection":[{"href":"https:\/\/hotelzurpost.co.at\/pl\/wp-json\/wp\/v2\/pages"}],"about":[{"href":"https:\/\/hotelzurpost.co.at\/pl\/wp-json\/wp\/v2\/types\/page"}],"author":[{"embeddable":true,"href":"https:\/\/hotelzurpost.co.at\/pl\/wp-json\/wp\/v2\/users\/2"}],"replies":[{"embeddable":true,"href":"https:\/\/hotelzurpost.co.at\/pl\/wp-json\/wp\/v2\/comments?post=27258"}],"version-history":[{"count":2,"href":"https:\/\/hotelzurpost.co.at\/pl\/wp-json\/wp\/v2\/pages\/27258\/revisions"}],"predecessor-version":[{"id":27262,"href":"https:\/\/hotelzurpost.co.at\/pl\/wp-json\/wp\/v2\/pages\/27258\/revisions\/27262"}],"wp:attachment":[{"href":"https:\/\/hotelzurpost.co.at\/pl\/wp-json\/wp\/v2\/media?parent=27258"}],"curies":[{"name":"wp","href":"https:\/\/api.w.org\/{rel}","templated":true}]}}